{"id":166,"date":"2016-12-08T20:33:19","date_gmt":"2016-12-08T18:33:19","guid":{"rendered":"http:\/\/veeb.revaprint.ee\/tutvustus\/"},"modified":"2017-02-26T15:54:37","modified_gmt":"2017-02-26T13:54:37","slug":"om-oss","status":"publish","type":"page","link":"https:\/\/revaprint.ee\/sv\/om-oss\/","title":{"rendered":"Om oss"},"content":{"rendered":"<p>Reva Print grundades 1992.<br \/>\nVi trycker allt fr\u00e5n visitkort till sj\u00e4lvh\u00e4ftande skyltar, med s\u00e5v\u00e4l screentryck som digitaltryck. Vidare \u00e4r vi specialiserade p\u00e5 specialeffekter s\u00e5som partiell lackering med matt, blankt och relieflack samt lack med tillsatser s\u00e5som olika typer av glitter, p\u00e4rlemorseffekt osv. \u00c4ven doftande lack, skrapf\u00e4rg, sj\u00e4lvlysande lack och UV-lack finns tillg\u00e4ngliga.<br \/>\nVi kan trycka p\u00e5 designpapper, papp, bokbindningsmaterial och plast, d\u00e4rf\u00f6r f\u00e5r en stor del av bokomslag, menyer, visitkort och andra trycksaker en speciell pr\u00e4gel just hos oss.<\/p>\n<p>Vi anv\u00e4nder 1 \u2013 8 \u00e5r gamla helautomatiska linjer och maskiner f\u00f6r att s\u00e4kerst\u00e4lla den snabbaste tillverkningen och den h\u00f6gsta kvaliteten i branschen.<\/p>\n<p>Vi utf\u00f6r partiell och ytlackering med UV-lack och arklaminering som underleverant\u00f6r \u00e5t andra tryckerier.<br \/>\nSedan maj 2003 \u00e4r v\u00e5r adress T\u00e4hetorni 21 C i Tallinn<\/p>\n<p>\u00d6ppet vardagar kl 8:30 \u2013 16:30<\/p>\n","protected":false},"excerpt":{"rendered":"<p>Reva Print grundades 1992. Vi trycker allt fr\u00e5n visitkort till sj\u00e4lvh\u00e4ftande skyltar, med s\u00e5v\u00e4l screentryck som digitaltryck. Vidare \u00e4r vi specialiserade p\u00e5 specialeffekter s\u00e5som partiell lackering med matt, blankt och relieflack samt lack med tillsatser s\u00e5som olika typer av glitter, p\u00e4rlemorseffekt osv. \u00c4ven doftande lack, skrapf\u00e4rg, sj\u00e4lvlysande lack och UV-lack &hellip;<\/p>\n","protected":false},"author":1,"featured_media":0,"parent":0,"menu_order":0,"comment_status":"closed","ping_status":"closed","template":"","meta":[],"yoast_head":"<!-- This site is optimized with the Yoast SEO plugin v20.12 - https:\/\/yoast.com\/wordpress\/plugins\/seo\/ -->\n<title>Om oss - Reva Print O\u00dc<\/title>\n<meta name=\"robots\" content=\"index, follow, max-snippet:-1, max-image-preview:large, max-video-preview:-1\" \/>\n<link rel=\"canonical\" href=\"https:\/\/revaprint.ee\/sv\/om-oss\/\" \/>\n<meta property=\"og:locale\" content=\"sv_SE\" \/>\n<meta property=\"og:type\" content=\"article\" \/>\n<meta property=\"og:title\" content=\"Om oss - Reva Print O\u00dc\" \/>\n<meta property=\"og:description\" content=\"Reva Print grundades 1992. Vi trycker allt fr\u00e5n visitkort till sj\u00e4lvh\u00e4ftande skyltar, med s\u00e5v\u00e4l screentryck som digitaltryck. Vidare \u00e4r vi specialiserade p\u00e5 specialeffekter s\u00e5som partiell lackering med matt, blankt och relieflack samt lack med tillsatser s\u00e5som olika typer av glitter, p\u00e4rlemorseffekt osv. \u00c4ven doftande lack, skrapf\u00e4rg, sj\u00e4lvlysande lack och UV-lack &hellip;\" \/>\n<meta property=\"og:url\" content=\"https:\/\/revaprint.ee\/sv\/om-oss\/\" \/>\n<meta property=\"og:site_name\" content=\"Reva Print O\u00dc\" \/>\n<meta property=\"article:modified_time\" content=\"2017-02-26T13:54:37+00:00\" \/>\n<meta name=\"twitter:card\" content=\"summary_large_image\" \/>\n<meta name=\"twitter:label1\" content=\"Ber\u00e4knad l\u00e4stid\" \/>\n\t<meta name=\"twitter:data1\" content=\"1 minut\" \/>\n<script type=\"application\/ld+json\" class=\"yoast-schema-graph\">{\"@context\":\"https:\/\/schema.org\",\"@graph\":[{\"@type\":\"WebPage\",\"@id\":\"https:\/\/revaprint.ee\/sv\/om-oss\/\",\"url\":\"https:\/\/revaprint.ee\/sv\/om-oss\/\",\"name\":\"Om oss - Reva Print O\u00dc\",\"isPartOf\":{\"@id\":\"https:\/\/revaprint.ee\/#website\"},\"datePublished\":\"2016-12-08T18:33:19+00:00\",\"dateModified\":\"2017-02-26T13:54:37+00:00\",\"breadcrumb\":{\"@id\":\"https:\/\/revaprint.ee\/sv\/om-oss\/#breadcrumb\"},\"inLanguage\":\"sv-SE\",\"potentialAction\":[{\"@type\":\"ReadAction\",\"target\":[\"https:\/\/revaprint.ee\/sv\/om-oss\/\"]}]},{\"@type\":\"BreadcrumbList\",\"@id\":\"https:\/\/revaprint.ee\/sv\/om-oss\/#breadcrumb\",\"itemListElement\":[{\"@type\":\"ListItem\",\"position\":1,\"name\":\"Home\",\"item\":\"https:\/\/revaprint.ee\/sv\/\"},{\"@type\":\"ListItem\",\"position\":2,\"name\":\"Om oss\"}]},{\"@type\":\"WebSite\",\"@id\":\"https:\/\/revaprint.ee\/#website\",\"url\":\"https:\/\/revaprint.ee\/\",\"name\":\"Reva Print O\u00dc\",\"description\":\"Tr\u00fckikoda, tr\u00fckiteenused Tallinnas\",\"publisher\":{\"@id\":\"https:\/\/revaprint.ee\/#organization\"},\"potentialAction\":[{\"@type\":\"SearchAction\",\"target\":{\"@type\":\"EntryPoint\",\"urlTemplate\":\"https:\/\/revaprint.ee\/?s={search_term_string}\"},\"query-input\":\"required name=search_term_string\"}],\"inLanguage\":\"sv-SE\"},{\"@type\":\"Organization\",\"@id\":\"https:\/\/revaprint.ee\/#organization\",\"name\":\"Reva Print O\u00dc\",\"url\":\"https:\/\/revaprint.ee\/\",\"logo\":{\"@type\":\"ImageObject\",\"inLanguage\":\"sv-SE\",\"@id\":\"https:\/\/revaprint.ee\/#\/schema\/logo\/image\/\",\"url\":\"https:\/\/revaprint.ee\/wp-content\/uploads\/2016\/12\/revaprint-logo.png\",\"contentUrl\":\"https:\/\/revaprint.ee\/wp-content\/uploads\/2016\/12\/revaprint-logo.png\",\"width\":134,\"height\":119,\"caption\":\"Reva Print O\u00dc\"},\"image\":{\"@id\":\"https:\/\/revaprint.ee\/#\/schema\/logo\/image\/\"}}]}<\/script>\n<!-- \/ Yoast SEO plugin. -->","yoast_head_json":{"title":"Om oss - Reva Print O\u00dc","robots":{"index":"index","follow":"follow","max-snippet":"max-snippet:-1","max-image-preview":"max-image-preview:large","max-video-preview":"max-video-preview:-1"},"canonical":"https:\/\/revaprint.ee\/sv\/om-oss\/","og_locale":"sv_SE","og_type":"article","og_title":"Om oss - Reva Print O\u00dc","og_description":"Reva Print grundades 1992. Vi trycker allt fr\u00e5n visitkort till sj\u00e4lvh\u00e4ftande skyltar, med s\u00e5v\u00e4l screentryck som digitaltryck. Vidare \u00e4r vi specialiserade p\u00e5 specialeffekter s\u00e5som partiell lackering med matt, blankt och relieflack samt lack med tillsatser s\u00e5som olika typer av glitter, p\u00e4rlemorseffekt osv. \u00c4ven doftande lack, skrapf\u00e4rg, sj\u00e4lvlysande lack och UV-lack &hellip;","og_url":"https:\/\/revaprint.ee\/sv\/om-oss\/","og_site_name":"Reva Print O\u00dc","article_modified_time":"2017-02-26T13:54:37+00:00","twitter_card":"summary_large_image","twitter_misc":{"Ber\u00e4knad l\u00e4stid":"1 minut"},"schema":{"@context":"https:\/\/schema.org","@graph":[{"@type":"WebPage","@id":"https:\/\/revaprint.ee\/sv\/om-oss\/","url":"https:\/\/revaprint.ee\/sv\/om-oss\/","name":"Om oss - Reva Print O\u00dc","isPartOf":{"@id":"https:\/\/revaprint.ee\/#website"},"datePublished":"2016-12-08T18:33:19+00:00","dateModified":"2017-02-26T13:54:37+00:00","breadcrumb":{"@id":"https:\/\/revaprint.ee\/sv\/om-oss\/#breadcrumb"},"inLanguage":"sv-SE","potentialAction":[{"@type":"ReadAction","target":["https:\/\/revaprint.ee\/sv\/om-oss\/"]}]},{"@type":"BreadcrumbList","@id":"https:\/\/revaprint.ee\/sv\/om-oss\/#breadcrumb","itemListElement":[{"@type":"ListItem","position":1,"name":"Home","item":"https:\/\/revaprint.ee\/sv\/"},{"@type":"ListItem","position":2,"name":"Om oss"}]},{"@type":"WebSite","@id":"https:\/\/revaprint.ee\/#website","url":"https:\/\/revaprint.ee\/","name":"Reva Print O\u00dc","description":"Tr\u00fckikoda, tr\u00fckiteenused Tallinnas","publisher":{"@id":"https:\/\/revaprint.ee\/#organization"},"potentialAction":[{"@type":"SearchAction","target":{"@type":"EntryPoint","urlTemplate":"https:\/\/revaprint.ee\/?s={search_term_string}"},"query-input":"required name=search_term_string"}],"inLanguage":"sv-SE"},{"@type":"Organization","@id":"https:\/\/revaprint.ee\/#organization","name":"Reva Print O\u00dc","url":"https:\/\/revaprint.ee\/","logo":{"@type":"ImageObject","inLanguage":"sv-SE","@id":"https:\/\/revaprint.ee\/#\/schema\/logo\/image\/","url":"https:\/\/revaprint.ee\/wp-content\/uploads\/2016\/12\/revaprint-logo.png","contentUrl":"https:\/\/revaprint.ee\/wp-content\/uploads\/2016\/12\/revaprint-logo.png","width":134,"height":119,"caption":"Reva Print O\u00dc"},"image":{"@id":"https:\/\/revaprint.ee\/#\/schema\/logo\/image\/"}}]}},"_links":{"self":[{"href":"https:\/\/revaprint.ee\/sv\/wp-json\/wp\/v2\/pages\/166"}],"collection":[{"href":"https:\/\/revaprint.ee\/sv\/wp-json\/wp\/v2\/pages"}],"about":[{"href":"https:\/\/revaprint.ee\/sv\/wp-json\/wp\/v2\/types\/page"}],"author":[{"embeddable":true,"href":"https:\/\/revaprint.ee\/sv\/wp-json\/wp\/v2\/users\/1"}],"replies":[{"embeddable":true,"href":"https:\/\/revaprint.ee\/sv\/wp-json\/wp\/v2\/comments?post=166"}],"version-history":[{"count":1,"href":"https:\/\/revaprint.ee\/sv\/wp-json\/wp\/v2\/pages\/166\/revisions"}],"predecessor-version":[{"id":167,"href":"https:\/\/revaprint.ee\/sv\/wp-json\/wp\/v2\/pages\/166\/revisions\/167"}],"wp:attachment":[{"href":"https:\/\/revaprint.ee\/sv\/wp-json\/wp\/v2\/media?parent=166"}],"curies":[{"name":"wp","href":"https:\/\/api.w.org\/{rel}","templated":true}]}}