{"id":159,"date":"2016-12-08T20:35:31","date_gmt":"2016-12-08T18:35:31","guid":{"rendered":"http:\/\/veeb.revaprint.ee\/ettevalmistus-ja-edastus\/"},"modified":"2017-02-26T15:52:12","modified_gmt":"2017-02-26T13:52:12","slug":"forberedelse-och-oversandning-for-granskning","status":"publish","type":"page","link":"https:\/\/revaprint.ee\/sv\/forberedelse-och-oversandning-for-granskning\/","title":{"rendered":"F\u00f6rberedelse och \u00f6vers\u00e4ndning f\u00f6r granskning"},"content":{"rendered":"<p>Vi tar emot tryckart f\u00f6r laminering och UV-lackering.<br \/>\nUppdrag f\u00f6r screentryck ska samordnas med oss i f\u00f6rv\u00e4g.<\/p>\n<p>Ett orderbrev ska f\u00f6lja med uppdraget \u2013 dvs en leveranssedel med f\u00f6ljande uppgifter:<\/p>\n<p>1. Uppdragets namn<\/p>\n<p>2. Format<br \/>\n3. \u00d6nskat antal ark<br \/>\n4. Uppdragets inneh\u00e5ll<\/p>\n<p>5. Ins\u00e4ndningstid och \u00f6nskad leveranstid<\/p>\n<p>Vid tryckning fr\u00e5n fil f\u00f6ruts\u00e4tter h\u00f6g tryckkvalitet naturligtvis en tryckfil med h\u00f6g kvalitet i PDF-format d\u00e4r \u00e4ven textdelarna har konverterats till bilder.<\/p>\n<p>L\u00e4mna en prisf\u00f6rfr\u00e5gan<\/p>\n","protected":false},"excerpt":{"rendered":"<p>Vi tar emot tryckart f\u00f6r laminering och UV-lackering. Uppdrag f\u00f6r screentryck ska samordnas med oss i f\u00f6rv\u00e4g. Ett orderbrev ska f\u00f6lja med uppdraget \u2013 dvs en leveranssedel med f\u00f6ljande uppgifter: 1. Uppdragets namn 2. Format 3. \u00d6nskat antal ark 4. Uppdragets inneh\u00e5ll 5. Ins\u00e4ndningstid och \u00f6nskad leveranstid Vid tryckning fr\u00e5n &hellip;<\/p>\n","protected":false},"author":1,"featured_media":0,"parent":0,"menu_order":0,"comment_status":"closed","ping_status":"closed","template":"","meta":[],"yoast_head":"<!-- This site is optimized with the Yoast SEO plugin v20.12 - https:\/\/yoast.com\/wordpress\/plugins\/seo\/ -->\n<title>F\u00f6rberedelse och \u00f6vers\u00e4ndning f\u00f6r granskning - Reva Print O\u00dc<\/title>\n<meta name=\"robots\" content=\"index, follow, max-snippet:-1, max-image-preview:large, max-video-preview:-1\" \/>\n<link rel=\"canonical\" href=\"https:\/\/revaprint.ee\/sv\/forberedelse-och-oversandning-for-granskning\/\" \/>\n<meta property=\"og:locale\" content=\"sv_SE\" \/>\n<meta property=\"og:type\" content=\"article\" \/>\n<meta property=\"og:title\" content=\"F\u00f6rberedelse och \u00f6vers\u00e4ndning f\u00f6r granskning - Reva Print O\u00dc\" \/>\n<meta property=\"og:description\" content=\"Vi tar emot tryckart f\u00f6r laminering och UV-lackering. Uppdrag f\u00f6r screentryck ska samordnas med oss i f\u00f6rv\u00e4g. Ett orderbrev ska f\u00f6lja med uppdraget \u2013 dvs en leveranssedel med f\u00f6ljande uppgifter: 1. Uppdragets namn 2. Format 3. \u00d6nskat antal ark 4. Uppdragets inneh\u00e5ll 5. Ins\u00e4ndningstid och \u00f6nskad leveranstid Vid tryckning fr\u00e5n &hellip;\" \/>\n<meta property=\"og:url\" content=\"https:\/\/revaprint.ee\/sv\/forberedelse-och-oversandning-for-granskning\/\" \/>\n<meta property=\"og:site_name\" content=\"Reva Print O\u00dc\" \/>\n<meta property=\"article:modified_time\" content=\"2017-02-26T13:52:12+00:00\" \/>\n<meta name=\"twitter:card\" content=\"summary_large_image\" \/>\n<script type=\"application\/ld+json\" class=\"yoast-schema-graph\">{\"@context\":\"https:\/\/schema.org\",\"@graph\":[{\"@type\":\"WebPage\",\"@id\":\"https:\/\/revaprint.ee\/sv\/forberedelse-och-oversandning-for-granskning\/\",\"url\":\"https:\/\/revaprint.ee\/sv\/forberedelse-och-oversandning-for-granskning\/\",\"name\":\"F\u00f6rberedelse och \u00f6vers\u00e4ndning f\u00f6r granskning - Reva Print O\u00dc\",\"isPartOf\":{\"@id\":\"https:\/\/revaprint.ee\/#website\"},\"datePublished\":\"2016-12-08T18:35:31+00:00\",\"dateModified\":\"2017-02-26T13:52:12+00:00\",\"breadcrumb\":{\"@id\":\"https:\/\/revaprint.ee\/sv\/forberedelse-och-oversandning-for-granskning\/#breadcrumb\"},\"inLanguage\":\"sv-SE\",\"potentialAction\":[{\"@type\":\"ReadAction\",\"target\":[\"https:\/\/revaprint.ee\/sv\/forberedelse-och-oversandning-for-granskning\/\"]}]},{\"@type\":\"BreadcrumbList\",\"@id\":\"https:\/\/revaprint.ee\/sv\/forberedelse-och-oversandning-for-granskning\/#breadcrumb\",\"itemListElement\":[{\"@type\":\"ListItem\",\"position\":1,\"name\":\"Home\",\"item\":\"https:\/\/revaprint.ee\/sv\/\"},{\"@type\":\"ListItem\",\"position\":2,\"name\":\"F\u00f6rberedelse och \u00f6vers\u00e4ndning f\u00f6r granskning\"}]},{\"@type\":\"WebSite\",\"@id\":\"https:\/\/revaprint.ee\/#website\",\"url\":\"https:\/\/revaprint.ee\/\",\"name\":\"Reva Print O\u00dc\",\"description\":\"Tr\u00fckikoda, tr\u00fckiteenused Tallinnas\",\"publisher\":{\"@id\":\"https:\/\/revaprint.ee\/#organization\"},\"potentialAction\":[{\"@type\":\"SearchAction\",\"target\":{\"@type\":\"EntryPoint\",\"urlTemplate\":\"https:\/\/revaprint.ee\/?s={search_term_string}\"},\"query-input\":\"required name=search_term_string\"}],\"inLanguage\":\"sv-SE\"},{\"@type\":\"Organization\",\"@id\":\"https:\/\/revaprint.ee\/#organization\",\"name\":\"Reva Print O\u00dc\",\"url\":\"https:\/\/revaprint.ee\/\",\"logo\":{\"@type\":\"ImageObject\",\"inLanguage\":\"sv-SE\",\"@id\":\"https:\/\/revaprint.ee\/#\/schema\/logo\/image\/\",\"url\":\"https:\/\/revaprint.ee\/wp-content\/uploads\/2016\/12\/revaprint-logo.png\",\"contentUrl\":\"https:\/\/revaprint.ee\/wp-content\/uploads\/2016\/12\/revaprint-logo.png\",\"width\":134,\"height\":119,\"caption\":\"Reva Print O\u00dc\"},\"image\":{\"@id\":\"https:\/\/revaprint.ee\/#\/schema\/logo\/image\/\"}}]}<\/script>\n<!-- \/ Yoast SEO plugin. -->","yoast_head_json":{"title":"F\u00f6rberedelse och \u00f6vers\u00e4ndning f\u00f6r granskning - Reva Print O\u00dc","robots":{"index":"index","follow":"follow","max-snippet":"max-snippet:-1","max-image-preview":"max-image-preview:large","max-video-preview":"max-video-preview:-1"},"canonical":"https:\/\/revaprint.ee\/sv\/forberedelse-och-oversandning-for-granskning\/","og_locale":"sv_SE","og_type":"article","og_title":"F\u00f6rberedelse och \u00f6vers\u00e4ndning f\u00f6r granskning - Reva Print O\u00dc","og_description":"Vi tar emot tryckart f\u00f6r laminering och UV-lackering. Uppdrag f\u00f6r screentryck ska samordnas med oss i f\u00f6rv\u00e4g. Ett orderbrev ska f\u00f6lja med uppdraget \u2013 dvs en leveranssedel med f\u00f6ljande uppgifter: 1. Uppdragets namn 2. Format 3. \u00d6nskat antal ark 4. Uppdragets inneh\u00e5ll 5. Ins\u00e4ndningstid och \u00f6nskad leveranstid Vid tryckning fr\u00e5n &hellip;","og_url":"https:\/\/revaprint.ee\/sv\/forberedelse-och-oversandning-for-granskning\/","og_site_name":"Reva Print O\u00dc","article_modified_time":"2017-02-26T13:52:12+00:00","twitter_card":"summary_large_image","schema":{"@context":"https:\/\/schema.org","@graph":[{"@type":"WebPage","@id":"https:\/\/revaprint.ee\/sv\/forberedelse-och-oversandning-for-granskning\/","url":"https:\/\/revaprint.ee\/sv\/forberedelse-och-oversandning-for-granskning\/","name":"F\u00f6rberedelse och \u00f6vers\u00e4ndning f\u00f6r granskning - Reva Print O\u00dc","isPartOf":{"@id":"https:\/\/revaprint.ee\/#website"},"datePublished":"2016-12-08T18:35:31+00:00","dateModified":"2017-02-26T13:52:12+00:00","breadcrumb":{"@id":"https:\/\/revaprint.ee\/sv\/forberedelse-och-oversandning-for-granskning\/#breadcrumb"},"inLanguage":"sv-SE","potentialAction":[{"@type":"ReadAction","target":["https:\/\/revaprint.ee\/sv\/forberedelse-och-oversandning-for-granskning\/"]}]},{"@type":"BreadcrumbList","@id":"https:\/\/revaprint.ee\/sv\/forberedelse-och-oversandning-for-granskning\/#breadcrumb","itemListElement":[{"@type":"ListItem","position":1,"name":"Home","item":"https:\/\/revaprint.ee\/sv\/"},{"@type":"ListItem","position":2,"name":"F\u00f6rberedelse och \u00f6vers\u00e4ndning f\u00f6r granskning"}]},{"@type":"WebSite","@id":"https:\/\/revaprint.ee\/#website","url":"https:\/\/revaprint.ee\/","name":"Reva Print O\u00dc","description":"Tr\u00fckikoda, tr\u00fckiteenused Tallinnas","publisher":{"@id":"https:\/\/revaprint.ee\/#organization"},"potentialAction":[{"@type":"SearchAction","target":{"@type":"EntryPoint","urlTemplate":"https:\/\/revaprint.ee\/?s={search_term_string}"},"query-input":"required name=search_term_string"}],"inLanguage":"sv-SE"},{"@type":"Organization","@id":"https:\/\/revaprint.ee\/#organization","name":"Reva Print O\u00dc","url":"https:\/\/revaprint.ee\/","logo":{"@type":"ImageObject","inLanguage":"sv-SE","@id":"https:\/\/revaprint.ee\/#\/schema\/logo\/image\/","url":"https:\/\/revaprint.ee\/wp-content\/uploads\/2016\/12\/revaprint-logo.png","contentUrl":"https:\/\/revaprint.ee\/wp-content\/uploads\/2016\/12\/revaprint-logo.png","width":134,"height":119,"caption":"Reva Print O\u00dc"},"image":{"@id":"https:\/\/revaprint.ee\/#\/schema\/logo\/image\/"}}]}},"_links":{"self":[{"href":"https:\/\/revaprint.ee\/sv\/wp-json\/wp\/v2\/pages\/159"}],"collection":[{"href":"https:\/\/revaprint.ee\/sv\/wp-json\/wp\/v2\/pages"}],"about":[{"href":"https:\/\/revaprint.ee\/sv\/wp-json\/wp\/v2\/types\/page"}],"author":[{"embeddable":true,"href":"https:\/\/revaprint.ee\/sv\/wp-json\/wp\/v2\/users\/1"}],"replies":[{"embeddable":true,"href":"https:\/\/revaprint.ee\/sv\/wp-json\/wp\/v2\/comments?post=159"}],"version-history":[{"count":1,"href":"https:\/\/revaprint.ee\/sv\/wp-json\/wp\/v2\/pages\/159\/revisions"}],"predecessor-version":[{"id":162,"href":"https:\/\/revaprint.ee\/sv\/wp-json\/wp\/v2\/pages\/159\/revisions\/162"}],"wp:attachment":[{"href":"https:\/\/revaprint.ee\/sv\/wp-json\/wp\/v2\/media?parent=159"}],"curies":[{"name":"wp","href":"https:\/\/api.w.org\/{rel}","templated":true}]}}