{"id":138,"date":"2016-12-08T20:36:41","date_gmt":"2016-12-08T18:36:41","guid":{"rendered":"http:\/\/veeb.revaprint.ee\/kontakt\/"},"modified":"2017-03-21T16:46:09","modified_gmt":"2017-03-21T14:46:09","slug":"kontakt","status":"publish","type":"page","link":"https:\/\/revaprint.ee\/sv\/kontakt\/","title":{"rendered":"Kontakt"},"content":{"rendered":"<div class=\"tmm tmm_97\"><div class=\"tmm_4_columns tmm_wrap tmm_plugin_f\"><span class=\"tmm_two_containers_tablet\"><\/span><div class=\"tmm_container\"><div class=\"tmm_member\" style=\"border-top: solid 5px;\"><div class=\"tmm_textblock\"><div class=\"tmm_names\"><span class=\"tmm_fname\">Martin <\/span> <span class=\"tmm_lname\">M\u00e4llo<\/span><\/div><div class=\"tmm_job\">juhataja<\/div><div class=\"tmm_desc\" style=\"text-align:center\"><a href=\"tel:+3726256992\">+372 62 569 92<\/a><br>\r\n<a href=\"tel:+3725188874\">+372 51 888 74<\/a><\/div><div class=\"tmm_scblock\">martin@revaprint.ee<\/div><\/div><\/div><div class=\"tmm_member\" style=\"border-top: solid 5px;\"><div class=\"tmm_textblock\"><div class=\"tmm_names\"><span class=\"tmm_fname\">Anu <\/span> <span class=\"tmm_lname\">Vaikre<\/span><\/div><div class=\"tmm_job\">m\u00fc\u00fcgijuht<\/div><div class=\"tmm_desc\" style=\"text-align:center\"><a href=\"tel:+372 62 569 93\">+372 62 569 93<\/a><br>\r\n<a href=\"tel:+372 51 307 39\">+372 51 307 39<\/a><\/div><div class=\"tmm_scblock\">anu@revaprint.ee<\/div><\/div><\/div><span class=\"tmm_two_containers_tablet\"><\/span><div class=\"tmm_member\" style=\"border-top: solid 5px;\"><div class=\"tmm_textblock\"><div class=\"tmm_names\"><span class=\"tmm_fname\">\u00dclli<\/span> <span class=\"tmm_lname\">Leon<\/span><\/div><div class=\"tmm_job\">tootmise planeerija<\/div><div class=\"tmm_desc\" style=\"text-align:center\"><a href=\"tel:+3726256990\">+372 62 569 90<\/a><br>\r\n<a href=\"tel:+3725048681\">+372 50 486 81<\/a><\/div><div class=\"tmm_scblock\">ylli@revaprint.ee<\/div><\/div><\/div><div class=\"tmm_member\" style=\"border-top: solid 5px;\"><div class=\"tmm_textblock\"><div class=\"tmm_names\"><span class=\"tmm_fname\">Margus<\/span> <span class=\"tmm_lname\">M\u00f6ls<\/span><\/div><div class=\"tmm_job\">tootmisjuht<\/div><div class=\"tmm_desc\" style=\"text-align:center\"><a href=\"tel:+3725142850\">+372 51 428 50<\/a><\/div><div class=\"tmm_scblock\">margus@revaprint.ee<\/div><\/div><\/div><div style=\"clear:both;\"><\/div><\/div><\/div><\/div>\n<table width=\"100%\">\n<tbody>\n<tr>\n<td style=\"width: 30%;\" valign=\"top\"><div class=\"tmm tmm_reva-print-as\"><div class=\"tmm_1_columns tmm_wrap tmm_plugin_f\"><span class=\"tmm_two_containers_tablet\"><\/span><div class=\"tmm_container\"><div class=\"tmm_member\" style=\"border-top:#333333 solid 5px;\"><div class=\"tmm_textblock\"><div class=\"tmm_names\"><span class=\"tmm_fname\">Reva Print O\u00dc<\/span> <\/div><div class=\"tmm_desc\" style=\"text-align:center\">Tel. <a href=\"tel:+372 62 569 90\">+372 62 569 90<\/a><br>\r\nFax. +372 62 569 94<\/div><div class=\"tmm_scblock\">revaprint@revaprint.ee<\/div><\/div><\/div><div style=\"clear:both;\"><\/div><\/div><\/div><\/div><\/td>\n<td style=\"width: 70%;\" valign=\"top\">            <script type=\"text\/javascript\">\r\n                jQuery(document).ready(function ($) {\r\n                    var wgm_map = new google.maps.Map(document.getElementById(\"srm_gmp_embed_1\"), {\r\n                        center: new google.maps.LatLng(59.38642180034068,24.642792761376995),\r\n                        zoom:12,\r\n                        mapTypeId: google.maps.MapTypeId.ROADMAP,\r\n                        scrollwheel: true,\r\n                        zoomControl: true,\r\n                        mapTypeControl: true,\r\n                        streetViewControl: true,\r\n                        fullscreenControl: true,\r\n                        draggable: true,\r\n                        disableDoubleClickZoom: false,\r\n                        panControl: true                    });\r\n                    var wgm_theme_json = '';\r\n                    if (wgm_theme_json.length > 0) {\r\n                        wgm_map.setOptions({styles: JSON.parse(wgm_theme_json)});\r\n                    }\r\n                    \/\/ To view directions form and data\r\n                                        var wgm_data_1 = {\r\n                        'action': 'wpgmapembed_p_get_markers_by_map_id',\r\n                        'data': {\r\n                            map_id: '66',\r\n                            ajax_nonce: 'f48077a25c'\r\n                        }\r\n                    };\r\n                    var wgm_ajaxurl_1 = 'https:\/\/revaprint.ee\/wp-admin\/admin-ajax.php'\r\n                    jQuery.post(wgm_ajaxurl_1, wgm_data_1, function (response) {\r\n                        response = JSON.parse(response);\r\n                        if (response.markers.length === 1) {\r\n                            var wgm_marker_to_1 = response.markers[0].marker_desc.replace(\/&gt;\/g, '>').replace(\/&lt;\/g, '<');\r\n                            jQuery('#srm_gmap_to_1').val(wgm_marker_to_1.replace(\/(<([^>]+)>)\/gi, \"\"));\r\n                        }\r\n                        var wgm_default_marker_icon_1 = 'https:\/\/maps.gstatic.com\/mapfiles\/api-3\/images\/spotlight-poi2.png';\r\n                        if (response.markers.length > 0) {\r\n                            var custom_markers = [];\r\n                            var custom_marker_infowindows = [];\r\n                            response.markers.forEach(function (wgm_marker, i) {\r\n                                var wgm_marker_lat_lng_1 = wgm_marker.lat_lng.split(',');\r\n                                wgm_custom_marker_1 = new google.maps.Marker({\r\n                                    position: new google.maps.LatLng(wgm_marker_lat_lng_1[0], wgm_marker_lat_lng_1[1]),\r\n                                    title: wgm_marker.marker_name,\r\n                                    animation: google.maps.Animation.DROP,\r\n                                    icon: (wgm_marker.icon === '') ? wgm_default_marker_icon_1 : wgm_marker.icon\r\n                                });\r\n                                custom_markers[i] = wgm_custom_marker_1;\r\n                                wgm_custom_marker_1.setMap(wgm_map);\r\n                                var wgm_marker_name_1 = (wgm_marker.marker_name !== null) ? ('<span class=\"info_content_title\" style=\"font-size:18px;font-weight: bold;font-family: Arial;\">'\r\n                                    + wgm_marker.marker_name +\r\n                                    '<\/span><br\/>') : '';\r\n                                wgm_marker.marker_desc = wgm_marker.marker_desc.replace(\/&gt;\/g, '>').replace(\/&lt;\/g, '<');\r\n                                custom_marker_infowindow = new google.maps.InfoWindow({\r\n                                    content: wgm_marker_name_1 + wgm_marker.marker_desc\r\n                                });\r\n                                custom_marker_infowindows[i] = custom_marker_infowindow;\r\n                                if (wgm_marker.show_desc_by_default === '1') {\r\n                                    custom_marker_infowindow.open({\r\n                                        anchor: wgm_custom_marker_1,\r\n                                        shouldFocus: false\r\n                                    });\r\n                                } else {\r\n                                    google.maps.event.addListener(wgm_custom_marker_1, 'click', function () {\r\n                                        custom_marker_infowindows[i].open({\r\n                                            anchor: custom_markers[i],\r\n                                            shouldFocus: false\r\n                                        });\r\n                                    });\r\n                                }\r\n                                if (wgm_marker.have_marker_link === '1') {\r\n                                    google.maps.event.addListener(wgm_custom_marker_1, 'click', function () {\r\n                                        var wgm_target = '_self';\r\n                                        if (wgm_marker.marker_link_new_tab === '1') {\r\n                                            wgm_target = '_blank';\r\n                                        }\r\n                                        window.open(wgm_marker.marker_link, wgm_target);\r\n                                    });\r\n                                }\r\n                            });\r\n                        }\r\n                    });\r\n                });\r\n\r\n            <\/script>\r\n\r\n            <div id=\"srm_gmp_embed_1\"\r\n                 style=\"width:100% !important;height:320px  !important; \">\r\n            <\/div>\r\n                    <\/td>\n<\/tr>\n<\/tbody>\n<\/table>\n","protected":false},"excerpt":{"rendered":"","protected":false},"author":1,"featured_media":0,"parent":0,"menu_order":0,"comment_status":"closed","ping_status":"closed","template":"","meta":[],"yoast_head":"<!-- This site is optimized with the Yoast SEO plugin v20.12 - https:\/\/yoast.com\/wordpress\/plugins\/seo\/ -->\n<title>Kleebised, tootesildid, embleemid<\/title>\n<meta name=\"description\" content=\"Tr\u00fckikoda - kleebised, digitaaltr\u00fckk, tootesildid, embleemid, reljeefne tr\u00fckk, raamatukaaned, ajakirja kaaned. K\u00fcsi lisa revaprint@revaprint.ee\" \/>\n<meta name=\"robots\" content=\"index, follow, max-snippet:-1, max-image-preview:large, max-video-preview:-1\" \/>\n<link rel=\"canonical\" href=\"https:\/\/revaprint.ee\/sv\/kontakt\/\" \/>\n<meta property=\"og:locale\" content=\"sv_SE\" \/>\n<meta property=\"og:type\" content=\"article\" \/>\n<meta property=\"og:title\" content=\"Kleebised, tootesildid, embleemid\" \/>\n<meta property=\"og:description\" content=\"Tr\u00fckikoda - kleebised, digitaaltr\u00fckk, tootesildid, embleemid, reljeefne tr\u00fckk, raamatukaaned, ajakirja kaaned. K\u00fcsi lisa revaprint@revaprint.ee\" \/>\n<meta property=\"og:url\" content=\"https:\/\/revaprint.ee\/sv\/kontakt\/\" \/>\n<meta property=\"og:site_name\" content=\"Reva Print O\u00dc\" \/>\n<meta property=\"article:modified_time\" content=\"2017-03-21T14:46:09+00:00\" \/>\n<meta name=\"twitter:card\" content=\"summary_large_image\" \/>\n<script type=\"application\/ld+json\" class=\"yoast-schema-graph\">{\"@context\":\"https:\/\/schema.org\",\"@graph\":[{\"@type\":\"WebPage\",\"@id\":\"https:\/\/revaprint.ee\/sv\/kontakt\/\",\"url\":\"https:\/\/revaprint.ee\/sv\/kontakt\/\",\"name\":\"Kleebised, tootesildid, embleemid\",\"isPartOf\":{\"@id\":\"https:\/\/revaprint.ee\/#website\"},\"datePublished\":\"2016-12-08T18:36:41+00:00\",\"dateModified\":\"2017-03-21T14:46:09+00:00\",\"description\":\"Tr\u00fckikoda - kleebised, digitaaltr\u00fckk, tootesildid, embleemid, reljeefne tr\u00fckk, raamatukaaned, ajakirja kaaned. K\u00fcsi lisa revaprint@revaprint.ee\",\"breadcrumb\":{\"@id\":\"https:\/\/revaprint.ee\/sv\/kontakt\/#breadcrumb\"},\"inLanguage\":\"sv-SE\",\"potentialAction\":[{\"@type\":\"ReadAction\",\"target\":[\"https:\/\/revaprint.ee\/sv\/kontakt\/\"]}]},{\"@type\":\"BreadcrumbList\",\"@id\":\"https:\/\/revaprint.ee\/sv\/kontakt\/#breadcrumb\",\"itemListElement\":[{\"@type\":\"ListItem\",\"position\":1,\"name\":\"Home\",\"item\":\"https:\/\/revaprint.ee\/sv\/\"},{\"@type\":\"ListItem\",\"position\":2,\"name\":\"Kontakt\"}]},{\"@type\":\"WebSite\",\"@id\":\"https:\/\/revaprint.ee\/#website\",\"url\":\"https:\/\/revaprint.ee\/\",\"name\":\"Reva Print O\u00dc\",\"description\":\"Tr\u00fckikoda, tr\u00fckiteenused Tallinnas\",\"publisher\":{\"@id\":\"https:\/\/revaprint.ee\/#organization\"},\"potentialAction\":[{\"@type\":\"SearchAction\",\"target\":{\"@type\":\"EntryPoint\",\"urlTemplate\":\"https:\/\/revaprint.ee\/?s={search_term_string}\"},\"query-input\":\"required name=search_term_string\"}],\"inLanguage\":\"sv-SE\"},{\"@type\":\"Organization\",\"@id\":\"https:\/\/revaprint.ee\/#organization\",\"name\":\"Reva Print O\u00dc\",\"url\":\"https:\/\/revaprint.ee\/\",\"logo\":{\"@type\":\"ImageObject\",\"inLanguage\":\"sv-SE\",\"@id\":\"https:\/\/revaprint.ee\/#\/schema\/logo\/image\/\",\"url\":\"https:\/\/revaprint.ee\/wp-content\/uploads\/2016\/12\/revaprint-logo.png\",\"contentUrl\":\"https:\/\/revaprint.ee\/wp-content\/uploads\/2016\/12\/revaprint-logo.png\",\"width\":134,\"height\":119,\"caption\":\"Reva Print O\u00dc\"},\"image\":{\"@id\":\"https:\/\/revaprint.ee\/#\/schema\/logo\/image\/\"}}]}<\/script>\n<!-- \/ Yoast SEO plugin. -->","yoast_head_json":{"title":"Kleebised, tootesildid, embleemid","description":"Tr\u00fckikoda - kleebised, digitaaltr\u00fckk, tootesildid, embleemid, reljeefne tr\u00fckk, raamatukaaned, ajakirja kaaned. K\u00fcsi lisa revaprint@revaprint.ee","robots":{"index":"index","follow":"follow","max-snippet":"max-snippet:-1","max-image-preview":"max-image-preview:large","max-video-preview":"max-video-preview:-1"},"canonical":"https:\/\/revaprint.ee\/sv\/kontakt\/","og_locale":"sv_SE","og_type":"article","og_title":"Kleebised, tootesildid, embleemid","og_description":"Tr\u00fckikoda - kleebised, digitaaltr\u00fckk, tootesildid, embleemid, reljeefne tr\u00fckk, raamatukaaned, ajakirja kaaned. K\u00fcsi lisa revaprint@revaprint.ee","og_url":"https:\/\/revaprint.ee\/sv\/kontakt\/","og_site_name":"Reva Print O\u00dc","article_modified_time":"2017-03-21T14:46:09+00:00","twitter_card":"summary_large_image","schema":{"@context":"https:\/\/schema.org","@graph":[{"@type":"WebPage","@id":"https:\/\/revaprint.ee\/sv\/kontakt\/","url":"https:\/\/revaprint.ee\/sv\/kontakt\/","name":"Kleebised, tootesildid, embleemid","isPartOf":{"@id":"https:\/\/revaprint.ee\/#website"},"datePublished":"2016-12-08T18:36:41+00:00","dateModified":"2017-03-21T14:46:09+00:00","description":"Tr\u00fckikoda - kleebised, digitaaltr\u00fckk, tootesildid, embleemid, reljeefne tr\u00fckk, raamatukaaned, ajakirja kaaned. K\u00fcsi lisa revaprint@revaprint.ee","breadcrumb":{"@id":"https:\/\/revaprint.ee\/sv\/kontakt\/#breadcrumb"},"inLanguage":"sv-SE","potentialAction":[{"@type":"ReadAction","target":["https:\/\/revaprint.ee\/sv\/kontakt\/"]}]},{"@type":"BreadcrumbList","@id":"https:\/\/revaprint.ee\/sv\/kontakt\/#breadcrumb","itemListElement":[{"@type":"ListItem","position":1,"name":"Home","item":"https:\/\/revaprint.ee\/sv\/"},{"@type":"ListItem","position":2,"name":"Kontakt"}]},{"@type":"WebSite","@id":"https:\/\/revaprint.ee\/#website","url":"https:\/\/revaprint.ee\/","name":"Reva Print O\u00dc","description":"Tr\u00fckikoda, tr\u00fckiteenused Tallinnas","publisher":{"@id":"https:\/\/revaprint.ee\/#organization"},"potentialAction":[{"@type":"SearchAction","target":{"@type":"EntryPoint","urlTemplate":"https:\/\/revaprint.ee\/?s={search_term_string}"},"query-input":"required name=search_term_string"}],"inLanguage":"sv-SE"},{"@type":"Organization","@id":"https:\/\/revaprint.ee\/#organization","name":"Reva Print O\u00dc","url":"https:\/\/revaprint.ee\/","logo":{"@type":"ImageObject","inLanguage":"sv-SE","@id":"https:\/\/revaprint.ee\/#\/schema\/logo\/image\/","url":"https:\/\/revaprint.ee\/wp-content\/uploads\/2016\/12\/revaprint-logo.png","contentUrl":"https:\/\/revaprint.ee\/wp-content\/uploads\/2016\/12\/revaprint-logo.png","width":134,"height":119,"caption":"Reva Print O\u00dc"},"image":{"@id":"https:\/\/revaprint.ee\/#\/schema\/logo\/image\/"}}]}},"_links":{"self":[{"href":"https:\/\/revaprint.ee\/sv\/wp-json\/wp\/v2\/pages\/138"}],"collection":[{"href":"https:\/\/revaprint.ee\/sv\/wp-json\/wp\/v2\/pages"}],"about":[{"href":"https:\/\/revaprint.ee\/sv\/wp-json\/wp\/v2\/types\/page"}],"author":[{"embeddable":true,"href":"https:\/\/revaprint.ee\/sv\/wp-json\/wp\/v2\/users\/1"}],"replies":[{"embeddable":true,"href":"https:\/\/revaprint.ee\/sv\/wp-json\/wp\/v2\/comments?post=138"}],"version-history":[{"count":1,"href":"https:\/\/revaprint.ee\/sv\/wp-json\/wp\/v2\/pages\/138\/revisions"}],"predecessor-version":[{"id":497,"href":"https:\/\/revaprint.ee\/sv\/wp-json\/wp\/v2\/pages\/138\/revisions\/497"}],"wp:attachment":[{"href":"https:\/\/revaprint.ee\/sv\/wp-json\/wp\/v2\/media?parent=138"}],"curies":[{"name":"wp","href":"https:\/\/api.w.org\/{rel}","templated":true}]}}