{"id":1517,"date":"2024-02-27T17:01:24","date_gmt":"2024-02-27T15:01:24","guid":{"rendered":"https:\/\/revaprint.ee\/toode\/kleebised-siiditrukis\/"},"modified":"2024-02-27T17:16:03","modified_gmt":"2024-02-27T15:16:03","slug":"kleebised-siiditrukis","status":"publish","type":"product","link":"https:\/\/revaprint.ee\/ru\/toode\/kleebised-siiditrukis\/","title":{"rendered":"Kleebised siiditr\u00fckis"},"content":{"rendered":"<p>Me pakume v\u00e4ga ilmastiku kindlate kleepsude tr\u00fckkimise v\u00f5imalusi siiditr\u00fckis. Nende suureks eeliseks on v\u00e4rvikindlus ja v\u00e4rvi pinna lihtne puhastatavus, kuna selle pind on sile. Lisaks on v\u00f5imalik tagada uuesti tr\u00fckkimisel alati samade v\u00e4rvitoonide tagamine, kuna v\u00e4rvid segatakse vajadusel valmis kliendip\u00f5hiselt. Siiditr\u00fcki miinuseks on ainult t\u00e4is ehk spot v\u00e4rvide tr\u00fckkimine. Loomulikult saame tr\u00fckkida ka rastris, aga sellisel juhul teeme seda digitr\u00fckis, millel siis eelmainitud probleemid ja seda mitte ainult meist tulenevalt, vaid \u00fcle\u00fcldiselt digitehnoloogias tr\u00fckidud kleepsud pole nii UV &#8212; ehk pleekimiskindlad ja lihtsalt puhastatavad, kuna ei kinnitu nii tugevalt kleebismaterjali pinnale. See on lahendatav vaid lamineerimisega.<\/p>\n<p>Kleebise tellimiseks vajame j\u00e4rgnevat infot:<\/p>\n<ol>\n<li>Kui pika kestvusega peab olema kleebis, samuti, kas see on m\u00f5eldud sise v\u00f5i v\u00e4listingimustesse?<\/li>\n<li>Eelmises tulenevalt 1 &#8212; 5 aastani m\u00e4\u00e4ratakse \u00e4ra kleebismaterjali valik ja n\u00e4iteks juhul, kui kleebis on l\u00fchiajaline ( n\u00e4iteks ainult \u00fcheks \u00fcrituseks, messiks jne ) kerkib k\u00fcsimus, kas see kohe tr\u00fckkida digis ja siis kas paberi v\u00f5i plastikkleebismaterjalile. Vastavalt vastupidavusele ( eluaeale ) kallineb ka materjali hind. Tr\u00fckimaterjali hind on enamasti 50 &#8212; 70 % tr\u00fckise hinnast.<\/li>\n<li>J\u00e4rgmine k\u00fcsimus on kas tr\u00fckis on SPOT v\u00f5i SMYK tr\u00fckiviisi valikuga, millest tuleneb, kas tr\u00fckime selle digi &#8212; v\u00f5i siiditr\u00fckki kasutades<\/li>\n<li>Kas kleebis peab olema raskesti v\u00f5i kergesti eraldatav? Selle j\u00e4rgi valime liimi tugevuse v\u00f5i metallpinna korral lausa magnetkleebise materjali<\/li>\n<li>Kas kleebis peab olema musta taustaga, et katta kinni v\u00f5i varjata, midagi selle all ( n\u00e4iteks eelnevalt tr\u00fckitud infot)?<\/li>\n<li>Kas soovite kleepse \u00fckshaaval v\u00e4lja l\u00f5igatuna v\u00f5i nn. kisscut versioonis poognas ( n\u00e4iteks A4 )?<\/li>\n<\/ol>\n","protected":false},"excerpt":{"rendered":"<p><strong><span style=\"color: #993300;\">Kui Teil on olemas tr\u00fckifail ja teate juba ka materjali, millele soovite tr\u00fckkida ja mis viisil, siis siit paremalt saate kohe saata p\u00e4ringu ja saate hinnapakkumise e-kirjale vastuseks, mille kinnitamisel l\u00e4heb see kohe t\u00f6\u00f6sse!<\/span><\/strong><\/p>\n","protected":false},"featured_media":1454,"comment_status":"closed","ping_status":"closed","template":"","meta":[],"product_cat":[65],"product_tag":[],"yoast_head":"<!-- This site is optimized with the Yoast SEO plugin v20.12 - https:\/\/yoast.com\/wordpress\/plugins\/seo\/ -->\n<title>Kleebised siiditr\u00fckis - Reva Print O\u00dc<\/title>\n<meta name=\"robots\" content=\"index, follow, max-snippet:-1, max-image-preview:large, max-video-preview:-1\" \/>\n<link rel=\"canonical\" href=\"https:\/\/revaprint.ee\/ru\/toode\/kleebised-siiditrukis\/\" \/>\n<meta property=\"og:locale\" content=\"ru_RU\" \/>\n<meta property=\"og:type\" content=\"article\" \/>\n<meta property=\"og:title\" content=\"Kleebised siiditr\u00fckis - Reva Print O\u00dc\" \/>\n<meta property=\"og:description\" content=\"Kui Teil on olemas tr\u00fckifail ja teate juba ka materjali, millele soovite tr\u00fckkida ja mis viisil, siis siit paremalt saate kohe saata p\u00e4ringu ja saate hinnapakkumise e-kirjale vastuseks, mille kinnitamisel l\u00e4heb see kohe t\u00f6\u00f6sse!\" \/>\n<meta property=\"og:url\" content=\"https:\/\/revaprint.ee\/ru\/toode\/kleebised-siiditrukis\/\" \/>\n<meta property=\"og:site_name\" content=\"Reva Print O\u00dc\" \/>\n<meta property=\"article:modified_time\" content=\"2024-02-27T15:16:03+00:00\" \/>\n<meta property=\"og:image\" content=\"https:\/\/revaprint.ee\/wp-content\/uploads\/2024\/02\/Reva-Print-samples-scaled.jpg\" \/>\n\t<meta property=\"og:image:width\" content=\"2560\" \/>\n\t<meta property=\"og:image:height\" content=\"2194\" \/>\n\t<meta property=\"og:image:type\" content=\"image\/jpeg\" \/>\n<meta name=\"twitter:card\" content=\"summary_large_image\" \/>\n<meta name=\"twitter:label1\" content=\"\u041f\u0440\u0438\u043c\u0435\u0440\u043d\u043e\u0435 \u0432\u0440\u0435\u043c\u044f \u0434\u043b\u044f \u0447\u0442\u0435\u043d\u0438\u044f\" \/>\n\t<meta name=\"twitter:data1\" content=\"1 \u043c\u0438\u043d\u0443\u0442\u0430\" \/>\n<script type=\"application\/ld+json\" class=\"yoast-schema-graph\">{\"@context\":\"https:\/\/schema.org\",\"@graph\":[{\"@type\":\"WebPage\",\"@id\":\"https:\/\/revaprint.ee\/ru\/toode\/kleebised-siiditrukis\/\",\"url\":\"https:\/\/revaprint.ee\/ru\/toode\/kleebised-siiditrukis\/\",\"name\":\"Kleebised siiditr\u00fckis - Reva Print O\u00dc\",\"isPartOf\":{\"@id\":\"https:\/\/revaprint.ee\/#website\"},\"datePublished\":\"2024-02-27T15:01:24+00:00\",\"dateModified\":\"2024-02-27T15:16:03+00:00\",\"breadcrumb\":{\"@id\":\"https:\/\/revaprint.ee\/ru\/toode\/kleebised-siiditrukis\/#breadcrumb\"},\"inLanguage\":\"ru-RU\",\"potentialAction\":[{\"@type\":\"ReadAction\",\"target\":[\"https:\/\/revaprint.ee\/ru\/toode\/kleebised-siiditrukis\/\"]}]},{\"@type\":\"BreadcrumbList\",\"@id\":\"https:\/\/revaprint.ee\/ru\/toode\/kleebised-siiditrukis\/#breadcrumb\",\"itemListElement\":[{\"@type\":\"ListItem\",\"position\":1,\"name\":\"Home\",\"item\":\"https:\/\/revaprint.ee\/ru\/\"},{\"@type\":\"ListItem\",\"position\":2,\"name\":\"Pood\",\"item\":\"https:\/\/revaprint.ee\/pood\/\"},{\"@type\":\"ListItem\",\"position\":3,\"name\":\"Kleebised siiditr\u00fckis\"}]},{\"@type\":\"WebSite\",\"@id\":\"https:\/\/revaprint.ee\/#website\",\"url\":\"https:\/\/revaprint.ee\/\",\"name\":\"Reva Print O\u00dc\",\"description\":\"Tr\u00fckikoda, tr\u00fckiteenused Tallinnas\",\"publisher\":{\"@id\":\"https:\/\/revaprint.ee\/#organization\"},\"potentialAction\":[{\"@type\":\"SearchAction\",\"target\":{\"@type\":\"EntryPoint\",\"urlTemplate\":\"https:\/\/revaprint.ee\/?s={search_term_string}\"},\"query-input\":\"required name=search_term_string\"}],\"inLanguage\":\"ru-RU\"},{\"@type\":\"Organization\",\"@id\":\"https:\/\/revaprint.ee\/#organization\",\"name\":\"Reva Print O\u00dc\",\"url\":\"https:\/\/revaprint.ee\/\",\"logo\":{\"@type\":\"ImageObject\",\"inLanguage\":\"ru-RU\",\"@id\":\"https:\/\/revaprint.ee\/#\/schema\/logo\/image\/\",\"url\":\"https:\/\/revaprint.ee\/wp-content\/uploads\/2016\/12\/revaprint-logo.png\",\"contentUrl\":\"https:\/\/revaprint.ee\/wp-content\/uploads\/2016\/12\/revaprint-logo.png\",\"width\":134,\"height\":119,\"caption\":\"Reva Print O\u00dc\"},\"image\":{\"@id\":\"https:\/\/revaprint.ee\/#\/schema\/logo\/image\/\"}}]}<\/script>\n<!-- \/ Yoast SEO plugin. -->","yoast_head_json":{"title":"Kleebised siiditr\u00fckis - Reva Print O\u00dc","robots":{"index":"index","follow":"follow","max-snippet":"max-snippet:-1","max-image-preview":"max-image-preview:large","max-video-preview":"max-video-preview:-1"},"canonical":"https:\/\/revaprint.ee\/ru\/toode\/kleebised-siiditrukis\/","og_locale":"ru_RU","og_type":"article","og_title":"Kleebised siiditr\u00fckis - Reva Print O\u00dc","og_description":"Kui Teil on olemas tr\u00fckifail ja teate juba ka materjali, millele soovite tr\u00fckkida ja mis viisil, siis siit paremalt saate kohe saata p\u00e4ringu ja saate hinnapakkumise e-kirjale vastuseks, mille kinnitamisel l\u00e4heb see kohe t\u00f6\u00f6sse!","og_url":"https:\/\/revaprint.ee\/ru\/toode\/kleebised-siiditrukis\/","og_site_name":"Reva Print O\u00dc","article_modified_time":"2024-02-27T15:16:03+00:00","og_image":[{"width":2560,"height":2194,"url":"https:\/\/revaprint.ee\/wp-content\/uploads\/2024\/02\/Reva-Print-samples-scaled.jpg","type":"image\/jpeg"}],"twitter_card":"summary_large_image","twitter_misc":{"\u041f\u0440\u0438\u043c\u0435\u0440\u043d\u043e\u0435 \u0432\u0440\u0435\u043c\u044f \u0434\u043b\u044f \u0447\u0442\u0435\u043d\u0438\u044f":"1 \u043c\u0438\u043d\u0443\u0442\u0430"},"schema":{"@context":"https:\/\/schema.org","@graph":[{"@type":"WebPage","@id":"https:\/\/revaprint.ee\/ru\/toode\/kleebised-siiditrukis\/","url":"https:\/\/revaprint.ee\/ru\/toode\/kleebised-siiditrukis\/","name":"Kleebised siiditr\u00fckis - Reva Print O\u00dc","isPartOf":{"@id":"https:\/\/revaprint.ee\/#website"},"datePublished":"2024-02-27T15:01:24+00:00","dateModified":"2024-02-27T15:16:03+00:00","breadcrumb":{"@id":"https:\/\/revaprint.ee\/ru\/toode\/kleebised-siiditrukis\/#breadcrumb"},"inLanguage":"ru-RU","potentialAction":[{"@type":"ReadAction","target":["https:\/\/revaprint.ee\/ru\/toode\/kleebised-siiditrukis\/"]}]},{"@type":"BreadcrumbList","@id":"https:\/\/revaprint.ee\/ru\/toode\/kleebised-siiditrukis\/#breadcrumb","itemListElement":[{"@type":"ListItem","position":1,"name":"Home","item":"https:\/\/revaprint.ee\/ru\/"},{"@type":"ListItem","position":2,"name":"Pood","item":"https:\/\/revaprint.ee\/pood\/"},{"@type":"ListItem","position":3,"name":"Kleebised siiditr\u00fckis"}]},{"@type":"WebSite","@id":"https:\/\/revaprint.ee\/#website","url":"https:\/\/revaprint.ee\/","name":"Reva Print O\u00dc","description":"Tr\u00fckikoda, tr\u00fckiteenused Tallinnas","publisher":{"@id":"https:\/\/revaprint.ee\/#organization"},"potentialAction":[{"@type":"SearchAction","target":{"@type":"EntryPoint","urlTemplate":"https:\/\/revaprint.ee\/?s={search_term_string}"},"query-input":"required name=search_term_string"}],"inLanguage":"ru-RU"},{"@type":"Organization","@id":"https:\/\/revaprint.ee\/#organization","name":"Reva Print O\u00dc","url":"https:\/\/revaprint.ee\/","logo":{"@type":"ImageObject","inLanguage":"ru-RU","@id":"https:\/\/revaprint.ee\/#\/schema\/logo\/image\/","url":"https:\/\/revaprint.ee\/wp-content\/uploads\/2016\/12\/revaprint-logo.png","contentUrl":"https:\/\/revaprint.ee\/wp-content\/uploads\/2016\/12\/revaprint-logo.png","width":134,"height":119,"caption":"Reva Print O\u00dc"},"image":{"@id":"https:\/\/revaprint.ee\/#\/schema\/logo\/image\/"}}]}},"_links":{"self":[{"href":"https:\/\/revaprint.ee\/ru\/wp-json\/wp\/v2\/product\/1517"}],"collection":[{"href":"https:\/\/revaprint.ee\/ru\/wp-json\/wp\/v2\/product"}],"about":[{"href":"https:\/\/revaprint.ee\/ru\/wp-json\/wp\/v2\/types\/product"}],"replies":[{"embeddable":true,"href":"https:\/\/revaprint.ee\/ru\/wp-json\/wp\/v2\/comments?post=1517"}],"wp:featuredmedia":[{"embeddable":true,"href":"https:\/\/revaprint.ee\/ru\/wp-json\/wp\/v2\/media\/1454"}],"wp:attachment":[{"href":"https:\/\/revaprint.ee\/ru\/wp-json\/wp\/v2\/media?parent=1517"}],"wp:term":[{"taxonomy":"product_cat","embeddable":true,"href":"https:\/\/revaprint.ee\/ru\/wp-json\/wp\/v2\/product_cat?post=1517"},{"taxonomy":"product_tag","embeddable":true,"href":"https:\/\/revaprint.ee\/ru\/wp-json\/wp\/v2\/product_tag?post=1517"}],"curies":[{"name":"wp","href":"https:\/\/api.w.org\/{rel}","templated":true}]}}