{"id":171,"date":"2017-02-26T15:56:06","date_gmt":"2017-02-26T13:56:06","guid":{"rendered":"http:\/\/veeb.revaprint.ee\/?page_id=171\/"},"modified":"2024-09-06T20:57:45","modified_gmt":"2024-09-06T17:57:45","slug":"reva-print-as","status":"publish","type":"page","link":"https:\/\/revaprint.ee\/ru\/","title":{"rendered":"Reva Print O\u00dc"},"content":{"rendered":"<p>\u041a\u043e\u043c\u043f\u0430\u043d\u0438\u044f Reva Print \u0431\u044b\u043b\u0430 \u043e\u0441\u043d\u043e\u0432\u0430\u043d\u0430 \u0432 1992 \u0433\u043e\u0434\u0443.<br \/>\n\u0412\u044b\u043f\u043e\u043b\u043d\u044f\u0435\u043c \u043a\u0430\u043a \u0446\u0438\u0444\u0440\u043e\u0432\u0443\u044e, \u0442\u0430\u043a \u0438 \u043f\u0435\u0447\u0430\u0442\u044c \u0441 \u0438\u0441\u043f\u043e\u043b\u044c\u0437\u043e\u0432\u0430\u043d\u0438\u0435\u043c \u0442\u0435\u0445\u043d\u0438\u043a\u0438 \u0448\u0435\u043b\u043a\u043e\u0433\u0440\u0430\u0444\u0438\u0438. \u041f\u0435\u0447\u0430\u0442\u0430\u0435\u043c \u043e\u0442 \u0432\u0438\u0437\u0438\u0442\u043d\u044b\u0445 \u043a\u0430\u0440\u0442\u043e\u0447\u0435\u043a \u0434\u043e \u043d\u0430\u043a\u043b\u0435\u0435\u043a. \u0422\u0430\u043a\u0436\u0435 \u043c\u044b \u0441\u043f\u0435\u0446\u0438\u0430\u043b\u0438\u0437\u0438\u0440\u0443\u0435\u043c\u0441\u044f \u043d\u0430 \u0434\u043e\u0431\u0430\u0432\u043b\u0435\u043d\u0438\u0438 \u0441\u043f\u0435\u0446\u044d\u0444\u0444\u0435\u043a\u0442\u043e\u0432, \u0442\u0430\u043a\u0438\u0445 \u043a\u0430\u043a \u043c\u0430\u0442\u043e\u0432\u044b\u0439, \u0431\u043b\u0435\u0441\u0442\u044f\u0449\u0438\u0439, \u0440\u0435\u043b\u044c\u0435\u0444\u043d\u044b\u0439 \u043c\u0435\u0441\u0442\u043d\u044b\u0439 \u043b\u0430\u043a, \u0430 \u0442\u0430\u043a\u0436\u0435 \u043c\u0435\u0441\u0442\u043d\u044b\u0435 \u043b\u0430\u043a\u0438 \u0441 \u0434\u043e\u0431\u0430\u0432\u043a\u0430\u043c\u0438, \u0442\u0430\u043a\u0438\u043c\u0438 \u043a\u0430\u043a \u0431\u043b\u0451\u0441\u0442\u043a\u0438 \u0440\u0430\u0437\u043b\u0438\u0447\u043d\u044b\u0445 \u0432\u0438\u0434\u043e\u0432, \u043f\u0435\u0440\u043b\u0430\u043c\u0443\u0442\u0440 \u0438 \u0442.\u0434. \u0410 \u0442\u0430\u043a\u0436\u0435 \u0434\u043e\u0431\u0430\u0432\u043b\u0435\u043d\u0438\u0435 \u0430\u0440\u043e\u043c\u0430\u0442\u0438\u0447\u0435\u0441\u043a\u043e\u0433\u043e \u043b\u0430\u043a\u0430, \u043b\u043e\u0442\u0435\u0440\u0435\u0439\u043d\u043e\u0439 \u043a\u0440\u0430\u0441\u043a\u0438, \u0441\u0432\u0435\u0442\u044f\u0449\u0435\u0433\u043e\u0441\u044f \u0432 \u0442\u0435\u043c\u043d\u043e\u0442\u0435 \u0438 \u0447\u0438\u0442\u0430\u0435\u043c\u043e\u0433\u043e \u0441 \u043f\u043e\u043c\u043e\u0449\u044c\u044e \u0434\u0435\u043d\u0435\u0436\u043d\u043e\u0439 \u043b\u0430\u043c\u043f\u044b \u043c\u0435\u0441\u0442\u043d\u043e\u0433\u043e \u043b\u0430\u043a\u0430.<\/p>\n","protected":false},"excerpt":{"rendered":"<p>\u041a\u043e\u043c\u043f\u0430\u043d\u0438\u044f Reva Print \u0431\u044b\u043b\u0430 \u043e\u0441\u043d\u043e\u0432\u0430\u043d\u0430 \u0432 1992 \u0433\u043e\u0434\u0443. \u0412\u044b\u043f\u043e\u043b\u043d\u044f\u0435\u043c \u043a\u0430\u043a \u0446\u0438\u0444\u0440\u043e\u0432\u0443\u044e, \u0442\u0430\u043a \u0438 \u043f\u0435\u0447\u0430\u0442\u044c \u0441 \u0438\u0441\u043f\u043e\u043b\u044c\u0437\u043e\u0432\u0430\u043d\u0438\u0435\u043c \u0442\u0435\u0445\u043d\u0438\u043a\u0438 \u0448\u0435\u043b\u043a\u043e\u0433\u0440\u0430\u0444\u0438\u0438. \u041f\u0435\u0447\u0430\u0442\u0430\u0435\u043c \u043e\u0442 \u0432\u0438\u0437\u0438\u0442\u043d\u044b\u0445 \u043a\u0430\u0440\u0442\u043e\u0447\u0435\u043a \u0434\u043e \u043d\u0430\u043a\u043b\u0435\u0435\u043a. \u0422\u0430\u043a\u0436\u0435 \u043c\u044b \u0441\u043f\u0435\u0446\u0438\u0430\u043b\u0438\u0437\u0438\u0440\u0443\u0435\u043c\u0441\u044f \u043d\u0430 \u0434\u043e\u0431\u0430\u0432\u043b\u0435\u043d\u0438\u0438 \u0441\u043f\u0435\u0446\u044d\u0444\u0444\u0435\u043a\u0442\u043e\u0432, \u0442\u0430\u043a\u0438\u0445 \u043a\u0430\u043a \u043c\u0430\u0442\u043e\u0432\u044b\u0439, \u0431\u043b\u0435\u0441\u0442\u044f\u0449\u0438\u0439, \u0440\u0435\u043b\u044c\u0435\u0444\u043d\u044b\u0439 \u043c\u0435\u0441\u0442\u043d\u044b\u0439 \u043b\u0430\u043a, \u0430 \u0442\u0430\u043a\u0436\u0435 \u043c\u0435\u0441\u0442\u043d\u044b\u0435 \u043b\u0430\u043a\u0438 \u0441 \u0434\u043e\u0431\u0430\u0432\u043a\u0430\u043c\u0438, \u0442\u0430\u043a\u0438\u043c\u0438 \u043a\u0430\u043a \u0431\u043b\u0451\u0441\u0442\u043a\u0438 \u0440\u0430\u0437\u043b\u0438\u0447\u043d\u044b\u0445 \u0432\u0438\u0434\u043e\u0432, \u043f\u0435\u0440\u043b\u0430\u043c\u0443\u0442\u0440 \u0438 &hellip;<\/p>\n","protected":false},"author":1,"featured_media":0,"parent":0,"menu_order":0,"comment_status":"closed","ping_status":"closed","template":"","meta":[],"yoast_head":"<!-- This site is optimized with the Yoast SEO plugin v20.12 - https:\/\/yoast.com\/wordpress\/plugins\/seo\/ -->\n<title>Reva Print O\u00dc - Reva Print O\u00dc<\/title>\n<meta name=\"robots\" content=\"index, follow, max-snippet:-1, max-image-preview:large, max-video-preview:-1\" \/>\n<link rel=\"canonical\" href=\"https:\/\/revaprint.ee\/ru\/\" \/>\n<meta property=\"og:locale\" content=\"ru_RU\" \/>\n<meta property=\"og:type\" content=\"article\" \/>\n<meta property=\"og:title\" content=\"Reva Print O\u00dc - Reva Print O\u00dc\" \/>\n<meta property=\"og:description\" content=\"\u041a\u043e\u043c\u043f\u0430\u043d\u0438\u044f Reva Print \u0431\u044b\u043b\u0430 \u043e\u0441\u043d\u043e\u0432\u0430\u043d\u0430 \u0432 1992 \u0433\u043e\u0434\u0443. \u0412\u044b\u043f\u043e\u043b\u043d\u044f\u0435\u043c \u043a\u0430\u043a \u0446\u0438\u0444\u0440\u043e\u0432\u0443\u044e, \u0442\u0430\u043a \u0438 \u043f\u0435\u0447\u0430\u0442\u044c \u0441 \u0438\u0441\u043f\u043e\u043b\u044c\u0437\u043e\u0432\u0430\u043d\u0438\u0435\u043c \u0442\u0435\u0445\u043d\u0438\u043a\u0438 \u0448\u0435\u043b\u043a\u043e\u0433\u0440\u0430\u0444\u0438\u0438. \u041f\u0435\u0447\u0430\u0442\u0430\u0435\u043c \u043e\u0442 \u0432\u0438\u0437\u0438\u0442\u043d\u044b\u0445 \u043a\u0430\u0440\u0442\u043e\u0447\u0435\u043a \u0434\u043e \u043d\u0430\u043a\u043b\u0435\u0435\u043a. \u0422\u0430\u043a\u0436\u0435 \u043c\u044b \u0441\u043f\u0435\u0446\u0438\u0430\u043b\u0438\u0437\u0438\u0440\u0443\u0435\u043c\u0441\u044f \u043d\u0430 \u0434\u043e\u0431\u0430\u0432\u043b\u0435\u043d\u0438\u0438 \u0441\u043f\u0435\u0446\u044d\u0444\u0444\u0435\u043a\u0442\u043e\u0432, \u0442\u0430\u043a\u0438\u0445 \u043a\u0430\u043a \u043c\u0430\u0442\u043e\u0432\u044b\u0439, \u0431\u043b\u0435\u0441\u0442\u044f\u0449\u0438\u0439, \u0440\u0435\u043b\u044c\u0435\u0444\u043d\u044b\u0439 \u043c\u0435\u0441\u0442\u043d\u044b\u0439 \u043b\u0430\u043a, \u0430 \u0442\u0430\u043a\u0436\u0435 \u043c\u0435\u0441\u0442\u043d\u044b\u0435 \u043b\u0430\u043a\u0438 \u0441 \u0434\u043e\u0431\u0430\u0432\u043a\u0430\u043c\u0438, \u0442\u0430\u043a\u0438\u043c\u0438 \u043a\u0430\u043a \u0431\u043b\u0451\u0441\u0442\u043a\u0438 \u0440\u0430\u0437\u043b\u0438\u0447\u043d\u044b\u0445 \u0432\u0438\u0434\u043e\u0432, \u043f\u0435\u0440\u043b\u0430\u043c\u0443\u0442\u0440 \u0438 &hellip;\" \/>\n<meta property=\"og:url\" content=\"https:\/\/revaprint.ee\/ru\/\" \/>\n<meta property=\"og:site_name\" content=\"Reva Print O\u00dc\" \/>\n<meta property=\"article:modified_time\" content=\"2024-09-06T17:57:45+00:00\" \/>\n<meta name=\"twitter:card\" content=\"summary_large_image\" \/>\n<meta name=\"twitter:label1\" content=\"\u041f\u0440\u0438\u043c\u0435\u0440\u043d\u043e\u0435 \u0432\u0440\u0435\u043c\u044f \u0434\u043b\u044f \u0447\u0442\u0435\u043d\u0438\u044f\" \/>\n\t<meta name=\"twitter:data1\" content=\"1 \u043c\u0438\u043d\u0443\u0442\u0430\" \/>\n<script type=\"application\/ld+json\" class=\"yoast-schema-graph\">{\"@context\":\"https:\/\/schema.org\",\"@graph\":[{\"@type\":\"WebPage\",\"@id\":\"https:\/\/revaprint.ee\/ru\/\",\"url\":\"https:\/\/revaprint.ee\/ru\/\",\"name\":\"Reva Print O\u00dc - Reva Print O\u00dc\",\"isPartOf\":{\"@id\":\"https:\/\/revaprint.ee\/#website\"},\"datePublished\":\"2017-02-26T13:56:06+00:00\",\"dateModified\":\"2024-09-06T17:57:45+00:00\",\"breadcrumb\":{\"@id\":\"https:\/\/revaprint.ee\/ru\/#breadcrumb\"},\"inLanguage\":\"ru-RU\",\"potentialAction\":[{\"@type\":\"ReadAction\",\"target\":[\"https:\/\/revaprint.ee\/ru\/\"]}]},{\"@type\":\"BreadcrumbList\",\"@id\":\"https:\/\/revaprint.ee\/ru\/#breadcrumb\",\"itemListElement\":[{\"@type\":\"ListItem\",\"position\":1,\"name\":\"Home\",\"item\":\"https:\/\/revaprint.ee\/ru\/\"},{\"@type\":\"ListItem\",\"position\":2,\"name\":\"Reva Print O\u00dc\"}]},{\"@type\":\"WebSite\",\"@id\":\"https:\/\/revaprint.ee\/#website\",\"url\":\"https:\/\/revaprint.ee\/\",\"name\":\"Reva Print O\u00dc\",\"description\":\"Tr\u00fckikoda, tr\u00fckiteenused Tallinnas\",\"publisher\":{\"@id\":\"https:\/\/revaprint.ee\/#organization\"},\"potentialAction\":[{\"@type\":\"SearchAction\",\"target\":{\"@type\":\"EntryPoint\",\"urlTemplate\":\"https:\/\/revaprint.ee\/?s={search_term_string}\"},\"query-input\":\"required name=search_term_string\"}],\"inLanguage\":\"ru-RU\"},{\"@type\":\"Organization\",\"@id\":\"https:\/\/revaprint.ee\/#organization\",\"name\":\"Reva Print O\u00dc\",\"url\":\"https:\/\/revaprint.ee\/\",\"logo\":{\"@type\":\"ImageObject\",\"inLanguage\":\"ru-RU\",\"@id\":\"https:\/\/revaprint.ee\/#\/schema\/logo\/image\/\",\"url\":\"https:\/\/revaprint.ee\/wp-content\/uploads\/2016\/12\/revaprint-logo.png\",\"contentUrl\":\"https:\/\/revaprint.ee\/wp-content\/uploads\/2016\/12\/revaprint-logo.png\",\"width\":134,\"height\":119,\"caption\":\"Reva Print O\u00dc\"},\"image\":{\"@id\":\"https:\/\/revaprint.ee\/#\/schema\/logo\/image\/\"}}]}<\/script>\n<!-- \/ Yoast SEO plugin. -->","yoast_head_json":{"title":"Reva Print O\u00dc - Reva Print O\u00dc","robots":{"index":"index","follow":"follow","max-snippet":"max-snippet:-1","max-image-preview":"max-image-preview:large","max-video-preview":"max-video-preview:-1"},"canonical":"https:\/\/revaprint.ee\/ru\/","og_locale":"ru_RU","og_type":"article","og_title":"Reva Print O\u00dc - Reva Print O\u00dc","og_description":"\u041a\u043e\u043c\u043f\u0430\u043d\u0438\u044f Reva Print \u0431\u044b\u043b\u0430 \u043e\u0441\u043d\u043e\u0432\u0430\u043d\u0430 \u0432 1992 \u0433\u043e\u0434\u0443. \u0412\u044b\u043f\u043e\u043b\u043d\u044f\u0435\u043c \u043a\u0430\u043a \u0446\u0438\u0444\u0440\u043e\u0432\u0443\u044e, \u0442\u0430\u043a \u0438 \u043f\u0435\u0447\u0430\u0442\u044c \u0441 \u0438\u0441\u043f\u043e\u043b\u044c\u0437\u043e\u0432\u0430\u043d\u0438\u0435\u043c \u0442\u0435\u0445\u043d\u0438\u043a\u0438 \u0448\u0435\u043b\u043a\u043e\u0433\u0440\u0430\u0444\u0438\u0438. \u041f\u0435\u0447\u0430\u0442\u0430\u0435\u043c \u043e\u0442 \u0432\u0438\u0437\u0438\u0442\u043d\u044b\u0445 \u043a\u0430\u0440\u0442\u043e\u0447\u0435\u043a \u0434\u043e \u043d\u0430\u043a\u043b\u0435\u0435\u043a. \u0422\u0430\u043a\u0436\u0435 \u043c\u044b \u0441\u043f\u0435\u0446\u0438\u0430\u043b\u0438\u0437\u0438\u0440\u0443\u0435\u043c\u0441\u044f \u043d\u0430 \u0434\u043e\u0431\u0430\u0432\u043b\u0435\u043d\u0438\u0438 \u0441\u043f\u0435\u0446\u044d\u0444\u0444\u0435\u043a\u0442\u043e\u0432, \u0442\u0430\u043a\u0438\u0445 \u043a\u0430\u043a \u043c\u0430\u0442\u043e\u0432\u044b\u0439, \u0431\u043b\u0435\u0441\u0442\u044f\u0449\u0438\u0439, \u0440\u0435\u043b\u044c\u0435\u0444\u043d\u044b\u0439 \u043c\u0435\u0441\u0442\u043d\u044b\u0439 \u043b\u0430\u043a, \u0430 \u0442\u0430\u043a\u0436\u0435 \u043c\u0435\u0441\u0442\u043d\u044b\u0435 \u043b\u0430\u043a\u0438 \u0441 \u0434\u043e\u0431\u0430\u0432\u043a\u0430\u043c\u0438, \u0442\u0430\u043a\u0438\u043c\u0438 \u043a\u0430\u043a \u0431\u043b\u0451\u0441\u0442\u043a\u0438 \u0440\u0430\u0437\u043b\u0438\u0447\u043d\u044b\u0445 \u0432\u0438\u0434\u043e\u0432, \u043f\u0435\u0440\u043b\u0430\u043c\u0443\u0442\u0440 \u0438 &hellip;","og_url":"https:\/\/revaprint.ee\/ru\/","og_site_name":"Reva Print O\u00dc","article_modified_time":"2024-09-06T17:57:45+00:00","twitter_card":"summary_large_image","twitter_misc":{"\u041f\u0440\u0438\u043c\u0435\u0440\u043d\u043e\u0435 \u0432\u0440\u0435\u043c\u044f \u0434\u043b\u044f \u0447\u0442\u0435\u043d\u0438\u044f":"1 \u043c\u0438\u043d\u0443\u0442\u0430"},"schema":{"@context":"https:\/\/schema.org","@graph":[{"@type":"WebPage","@id":"https:\/\/revaprint.ee\/ru\/","url":"https:\/\/revaprint.ee\/ru\/","name":"Reva Print O\u00dc - Reva Print O\u00dc","isPartOf":{"@id":"https:\/\/revaprint.ee\/#website"},"datePublished":"2017-02-26T13:56:06+00:00","dateModified":"2024-09-06T17:57:45+00:00","breadcrumb":{"@id":"https:\/\/revaprint.ee\/ru\/#breadcrumb"},"inLanguage":"ru-RU","potentialAction":[{"@type":"ReadAction","target":["https:\/\/revaprint.ee\/ru\/"]}]},{"@type":"BreadcrumbList","@id":"https:\/\/revaprint.ee\/ru\/#breadcrumb","itemListElement":[{"@type":"ListItem","position":1,"name":"Home","item":"https:\/\/revaprint.ee\/ru\/"},{"@type":"ListItem","position":2,"name":"Reva Print O\u00dc"}]},{"@type":"WebSite","@id":"https:\/\/revaprint.ee\/#website","url":"https:\/\/revaprint.ee\/","name":"Reva Print O\u00dc","description":"Tr\u00fckikoda, tr\u00fckiteenused Tallinnas","publisher":{"@id":"https:\/\/revaprint.ee\/#organization"},"potentialAction":[{"@type":"SearchAction","target":{"@type":"EntryPoint","urlTemplate":"https:\/\/revaprint.ee\/?s={search_term_string}"},"query-input":"required name=search_term_string"}],"inLanguage":"ru-RU"},{"@type":"Organization","@id":"https:\/\/revaprint.ee\/#organization","name":"Reva Print O\u00dc","url":"https:\/\/revaprint.ee\/","logo":{"@type":"ImageObject","inLanguage":"ru-RU","@id":"https:\/\/revaprint.ee\/#\/schema\/logo\/image\/","url":"https:\/\/revaprint.ee\/wp-content\/uploads\/2016\/12\/revaprint-logo.png","contentUrl":"https:\/\/revaprint.ee\/wp-content\/uploads\/2016\/12\/revaprint-logo.png","width":134,"height":119,"caption":"Reva Print O\u00dc"},"image":{"@id":"https:\/\/revaprint.ee\/#\/schema\/logo\/image\/"}}]}},"_links":{"self":[{"href":"https:\/\/revaprint.ee\/ru\/wp-json\/wp\/v2\/pages\/171"}],"collection":[{"href":"https:\/\/revaprint.ee\/ru\/wp-json\/wp\/v2\/pages"}],"about":[{"href":"https:\/\/revaprint.ee\/ru\/wp-json\/wp\/v2\/types\/page"}],"author":[{"embeddable":true,"href":"https:\/\/revaprint.ee\/ru\/wp-json\/wp\/v2\/users\/1"}],"replies":[{"embeddable":true,"href":"https:\/\/revaprint.ee\/ru\/wp-json\/wp\/v2\/comments?post=171"}],"version-history":[{"count":2,"href":"https:\/\/revaprint.ee\/ru\/wp-json\/wp\/v2\/pages\/171\/revisions"}],"predecessor-version":[{"id":1648,"href":"https:\/\/revaprint.ee\/ru\/wp-json\/wp\/v2\/pages\/171\/revisions\/1648"}],"wp:attachment":[{"href":"https:\/\/revaprint.ee\/ru\/wp-json\/wp\/v2\/media?parent=171"}],"curies":[{"name":"wp","href":"https:\/\/api.w.org\/{rel}","templated":true}]}}