{"id":158,"date":"2016-12-08T20:35:31","date_gmt":"2016-12-08T18:35:31","guid":{"rendered":"http:\/\/veeb.revaprint.ee\/ettevalmistus-ja-edastus\/"},"modified":"2017-02-26T15:52:44","modified_gmt":"2017-02-26T13:52:44","slug":"%d0%bf%d0%be%d0%b4%d0%b3%d0%be%d1%82%d0%be%d0%b2%d0%ba%d0%b0-%d0%b8-%d0%be%d1%82%d0%bf%d1%80%d0%b0%d0%b2%d0%ba%d0%b0","status":"publish","type":"page","link":"https:\/\/revaprint.ee\/ru\/%d0%bf%d0%be%d0%b4%d0%b3%d0%be%d1%82%d0%be%d0%b2%d0%ba%d0%b0-%d0%b8-%d0%be%d1%82%d0%bf%d1%80%d0%b0%d0%b2%d0%ba%d0%b0\/","title":{"rendered":"\u041f\u043e\u0434\u0433\u043e\u0442\u043e\u0432\u043a\u0430 \u0438 \u043e\u0442\u043f\u0440\u0430\u0432\u043a\u0430"},"content":{"rendered":"<p>\u041a \u043b\u0430\u043c\u0438\u043d\u0438\u0440\u043e\u0432\u0430\u043d\u0438\u044e \u0438 \u043f\u043e\u043a\u0440\u044b\u0442\u0438\u044e \u0423\u0424-\u043b\u0430\u043a\u043e\u043c \u043f\u0440\u0438\u043d\u0438\u043c\u0430\u0435\u043c \u043f\u0435\u0447\u0430\u0442\u043d\u044b\u0435 \u043b\u0438\u0441\u0442\u044b.<br \/>\n\u0420\u0430\u0431\u043e\u0442\u044b \u0432 \u0442\u0435\u0445\u043d\u0438\u043a\u0435 \u0448\u0435\u043b\u043a\u043e\u0433\u0440\u0430\u0444\u0438\u0438 \u043f\u0440\u043e\u0441\u0438\u043c \u043f\u0440\u0435\u0434\u0432\u0430\u0440\u0438\u0442\u0435\u043b\u044c\u043d\u043e \u0441\u043e\u0433\u043b\u0430\u0441\u043e\u0432\u0430\u0442\u044c \u0441 \u043d\u0430\u043c\u0438.<\/p>\n<p>\u0412\u043c\u0435\u0441\u0442\u0435 \u0441 \u0440\u0430\u0431\u043e\u0442\u043e\u0439 \u043f\u0440\u043e\u0441\u0438\u043c \u043e\u0442\u043f\u0440\u0430\u0432\u0438\u0442\u044c \u0437\u0430\u043a\u0430\u0437-\u0441\u043e\u043f\u0440\u043e\u0432\u043e\u0434\u0438\u0442\u0435\u043b\u044c\u043d\u044b\u0439 \u043b\u0438\u0441\u0442, \u043d\u0430 \u043a\u043e\u0442\u043e\u0440\u043e\u043c \u043e\u0442\u043c\u0435\u0447\u0435\u043d\u043e:<\/p>\n<p>1. \u041d\u0430\u0437\u0432\u0430\u043d\u0438\u0435 \u0440\u0430\u0431\u043e\u0442\u044b<br \/>\n2. \u0424\u043e\u0440\u043c\u0430\u0442<br \/>\n3. \u041d\u0435\u043e\u0431\u0445\u043e\u0434\u0438\u043c\u043e\u0435 \u043a\u043e\u043b\u0438\u0447\u0435\u0441\u0442\u0432\u043e \u043f\u0435\u0447\u0430\u0442\u043d\u044b\u0445 \u043b\u0438\u0441\u0442\u043e\u0432<br \/>\n4. \u0427\u0442\u043e \u043d\u0443\u0436\u043d\u043e \u0441\u0434\u0435\u043b\u0430\u0442\u044c<br \/>\n5. \u0412\u0440\u0435\u043c\u044f \u043f\u043e\u0441\u0442\u0443\u043f\u043b\u0435\u043d\u0438\u044f \u0440\u0430\u0431\u043e\u0442\u044b \u0438 \u0436\u0435\u043b\u0430\u0435\u043c\u044b\u0439 \u0441\u0440\u043e\u043a \u0432\u044b\u043f\u043e\u043b\u043d\u0435\u043d\u0438\u044f \u0437\u0430\u043a\u0430\u0437\u0430<\/p>\n<p>\u0420\u0430\u0437\u0443\u043c\u0435\u0435\u0442\u0441\u044f, \u043e\u0441\u043d\u043e\u0432\u043e\u0439 \u0434\u043b\u044f \u043a\u0430\u0447\u0435\u0441\u0442\u0432\u0435\u043d\u043d\u043e\u0439 \u043f\u0435\u0447\u0430\u0442\u0438 \u0438\u0437 \u0444\u0430\u0439\u043b\u0430 \u044f\u0432\u043b\u044f\u0435\u0442\u0441\u044f \u043a\u0430\u0447\u0435\u0441\u0442\u0432\u0435\u043d\u043d\u044b\u0439 \u043f\u0435\u0447\u0430\u0442\u043d\u044b\u0439 \u0444\u0430\u0439\u043b \u0432 \u0444\u043e\u0440\u043c\u0430\u0442\u0435 PDF, \u0432 \u043a\u043e\u0442\u043e\u0440\u043e\u043c \u0442\u0435\u043a\u0441\u0442\u043e\u0432\u044b\u0435 \u0447\u0430\u0441\u0442\u0438 \u043f\u0440\u0435\u043e\u0431\u0440\u0430\u0437\u043e\u0432\u0430\u043d\u044b \u0432 \u043a\u0430\u0440\u0442\u0438\u043d\u043a\u0438.<\/p>\n","protected":false},"excerpt":{"rendered":"<p>\u041a \u043b\u0430\u043c\u0438\u043d\u0438\u0440\u043e\u0432\u0430\u043d\u0438\u044e \u0438 \u043f\u043e\u043a\u0440\u044b\u0442\u0438\u044e \u0423\u0424-\u043b\u0430\u043a\u043e\u043c \u043f\u0440\u0438\u043d\u0438\u043c\u0430\u0435\u043c \u043f\u0435\u0447\u0430\u0442\u043d\u044b\u0435 \u043b\u0438\u0441\u0442\u044b. \u0420\u0430\u0431\u043e\u0442\u044b \u0432 \u0442\u0435\u0445\u043d\u0438\u043a\u0435 \u0448\u0435\u043b\u043a\u043e\u0433\u0440\u0430\u0444\u0438\u0438 \u043f\u0440\u043e\u0441\u0438\u043c \u043f\u0440\u0435\u0434\u0432\u0430\u0440\u0438\u0442\u0435\u043b\u044c\u043d\u043e \u0441\u043e\u0433\u043b\u0430\u0441\u043e\u0432\u0430\u0442\u044c \u0441 \u043d\u0430\u043c\u0438. \u0412\u043c\u0435\u0441\u0442\u0435 \u0441 \u0440\u0430\u0431\u043e\u0442\u043e\u0439 \u043f\u0440\u043e\u0441\u0438\u043c \u043e\u0442\u043f\u0440\u0430\u0432\u0438\u0442\u044c \u0437\u0430\u043a\u0430\u0437-\u0441\u043e\u043f\u0440\u043e\u0432\u043e\u0434\u0438\u0442\u0435\u043b\u044c\u043d\u044b\u0439 \u043b\u0438\u0441\u0442, \u043d\u0430 \u043a\u043e\u0442\u043e\u0440\u043e\u043c \u043e\u0442\u043c\u0435\u0447\u0435\u043d\u043e: 1. \u041d\u0430\u0437\u0432\u0430\u043d\u0438\u0435 \u0440\u0430\u0431\u043e\u0442\u044b 2. \u0424\u043e\u0440\u043c\u0430\u0442 3. \u041d\u0435\u043e\u0431\u0445\u043e\u0434\u0438\u043c\u043e\u0435 \u043a\u043e\u043b\u0438\u0447\u0435\u0441\u0442\u0432\u043e \u043f\u0435\u0447\u0430\u0442\u043d\u044b\u0445 \u043b\u0438\u0441\u0442\u043e\u0432 4. \u0427\u0442\u043e \u043d\u0443\u0436\u043d\u043e \u0441\u0434\u0435\u043b\u0430\u0442\u044c 5. \u0412\u0440\u0435\u043c\u044f \u043f\u043e\u0441\u0442\u0443\u043f\u043b\u0435\u043d\u0438\u044f \u0440\u0430\u0431\u043e\u0442\u044b \u0438 \u0436\u0435\u043b\u0430\u0435\u043c\u044b\u0439 \u0441\u0440\u043e\u043a \u0432\u044b\u043f\u043e\u043b\u043d\u0435\u043d\u0438\u044f \u0437\u0430\u043a\u0430\u0437\u0430 &hellip;<\/p>\n","protected":false},"author":1,"featured_media":0,"parent":0,"menu_order":0,"comment_status":"closed","ping_status":"closed","template":"","meta":[],"yoast_head":"<!-- This site is optimized with the Yoast SEO plugin v20.12 - https:\/\/yoast.com\/wordpress\/plugins\/seo\/ -->\n<title>\u041f\u043e\u0434\u0433\u043e\u0442\u043e\u0432\u043a\u0430 \u0438 \u043e\u0442\u043f\u0440\u0430\u0432\u043a\u0430 - Reva Print O\u00dc<\/title>\n<meta name=\"robots\" content=\"index, follow, max-snippet:-1, max-image-preview:large, max-video-preview:-1\" \/>\n<link rel=\"canonical\" href=\"https:\/\/revaprint.ee\/ru\/\u043f\u043e\u0434\u0433\u043e\u0442\u043e\u0432\u043a\u0430-\u0438-\u043e\u0442\u043f\u0440\u0430\u0432\u043a\u0430\/\" \/>\n<meta property=\"og:locale\" content=\"ru_RU\" \/>\n<meta property=\"og:type\" content=\"article\" \/>\n<meta property=\"og:title\" content=\"\u041f\u043e\u0434\u0433\u043e\u0442\u043e\u0432\u043a\u0430 \u0438 \u043e\u0442\u043f\u0440\u0430\u0432\u043a\u0430 - Reva Print O\u00dc\" \/>\n<meta property=\"og:description\" content=\"\u041a \u043b\u0430\u043c\u0438\u043d\u0438\u0440\u043e\u0432\u0430\u043d\u0438\u044e \u0438 \u043f\u043e\u043a\u0440\u044b\u0442\u0438\u044e \u0423\u0424-\u043b\u0430\u043a\u043e\u043c \u043f\u0440\u0438\u043d\u0438\u043c\u0430\u0435\u043c \u043f\u0435\u0447\u0430\u0442\u043d\u044b\u0435 \u043b\u0438\u0441\u0442\u044b. \u0420\u0430\u0431\u043e\u0442\u044b \u0432 \u0442\u0435\u0445\u043d\u0438\u043a\u0435 \u0448\u0435\u043b\u043a\u043e\u0433\u0440\u0430\u0444\u0438\u0438 \u043f\u0440\u043e\u0441\u0438\u043c \u043f\u0440\u0435\u0434\u0432\u0430\u0440\u0438\u0442\u0435\u043b\u044c\u043d\u043e \u0441\u043e\u0433\u043b\u0430\u0441\u043e\u0432\u0430\u0442\u044c \u0441 \u043d\u0430\u043c\u0438. \u0412\u043c\u0435\u0441\u0442\u0435 \u0441 \u0440\u0430\u0431\u043e\u0442\u043e\u0439 \u043f\u0440\u043e\u0441\u0438\u043c \u043e\u0442\u043f\u0440\u0430\u0432\u0438\u0442\u044c \u0437\u0430\u043a\u0430\u0437-\u0441\u043e\u043f\u0440\u043e\u0432\u043e\u0434\u0438\u0442\u0435\u043b\u044c\u043d\u044b\u0439 \u043b\u0438\u0441\u0442, \u043d\u0430 \u043a\u043e\u0442\u043e\u0440\u043e\u043c \u043e\u0442\u043c\u0435\u0447\u0435\u043d\u043e: 1. \u041d\u0430\u0437\u0432\u0430\u043d\u0438\u0435 \u0440\u0430\u0431\u043e\u0442\u044b 2. \u0424\u043e\u0440\u043c\u0430\u0442 3. \u041d\u0435\u043e\u0431\u0445\u043e\u0434\u0438\u043c\u043e\u0435 \u043a\u043e\u043b\u0438\u0447\u0435\u0441\u0442\u0432\u043e \u043f\u0435\u0447\u0430\u0442\u043d\u044b\u0445 \u043b\u0438\u0441\u0442\u043e\u0432 4. \u0427\u0442\u043e \u043d\u0443\u0436\u043d\u043e \u0441\u0434\u0435\u043b\u0430\u0442\u044c 5. \u0412\u0440\u0435\u043c\u044f \u043f\u043e\u0441\u0442\u0443\u043f\u043b\u0435\u043d\u0438\u044f \u0440\u0430\u0431\u043e\u0442\u044b \u0438 \u0436\u0435\u043b\u0430\u0435\u043c\u044b\u0439 \u0441\u0440\u043e\u043a \u0432\u044b\u043f\u043e\u043b\u043d\u0435\u043d\u0438\u044f \u0437\u0430\u043a\u0430\u0437\u0430 &hellip;\" \/>\n<meta property=\"og:url\" content=\"https:\/\/revaprint.ee\/ru\/\u043f\u043e\u0434\u0433\u043e\u0442\u043e\u0432\u043a\u0430-\u0438-\u043e\u0442\u043f\u0440\u0430\u0432\u043a\u0430\/\" \/>\n<meta property=\"og:site_name\" content=\"Reva Print O\u00dc\" \/>\n<meta property=\"article:modified_time\" content=\"2017-02-26T13:52:44+00:00\" \/>\n<meta name=\"twitter:card\" content=\"summary_large_image\" \/>\n<script type=\"application\/ld+json\" class=\"yoast-schema-graph\">{\"@context\":\"https:\/\/schema.org\",\"@graph\":[{\"@type\":\"WebPage\",\"@id\":\"https:\/\/revaprint.ee\/ru\/%d0%bf%d0%be%d0%b4%d0%b3%d0%be%d1%82%d0%be%d0%b2%d0%ba%d0%b0-%d0%b8-%d0%be%d1%82%d0%bf%d1%80%d0%b0%d0%b2%d0%ba%d0%b0\/\",\"url\":\"https:\/\/revaprint.ee\/ru\/%d0%bf%d0%be%d0%b4%d0%b3%d0%be%d1%82%d0%be%d0%b2%d0%ba%d0%b0-%d0%b8-%d0%be%d1%82%d0%bf%d1%80%d0%b0%d0%b2%d0%ba%d0%b0\/\",\"name\":\"\u041f\u043e\u0434\u0433\u043e\u0442\u043e\u0432\u043a\u0430 \u0438 \u043e\u0442\u043f\u0440\u0430\u0432\u043a\u0430 - Reva Print O\u00dc\",\"isPartOf\":{\"@id\":\"https:\/\/revaprint.ee\/#website\"},\"datePublished\":\"2016-12-08T18:35:31+00:00\",\"dateModified\":\"2017-02-26T13:52:44+00:00\",\"breadcrumb\":{\"@id\":\"https:\/\/revaprint.ee\/ru\/%d0%bf%d0%be%d0%b4%d0%b3%d0%be%d1%82%d0%be%d0%b2%d0%ba%d0%b0-%d0%b8-%d0%be%d1%82%d0%bf%d1%80%d0%b0%d0%b2%d0%ba%d0%b0\/#breadcrumb\"},\"inLanguage\":\"ru-RU\",\"potentialAction\":[{\"@type\":\"ReadAction\",\"target\":[\"https:\/\/revaprint.ee\/ru\/%d0%bf%d0%be%d0%b4%d0%b3%d0%be%d1%82%d0%be%d0%b2%d0%ba%d0%b0-%d0%b8-%d0%be%d1%82%d0%bf%d1%80%d0%b0%d0%b2%d0%ba%d0%b0\/\"]}]},{\"@type\":\"BreadcrumbList\",\"@id\":\"https:\/\/revaprint.ee\/ru\/%d0%bf%d0%be%d0%b4%d0%b3%d0%be%d1%82%d0%be%d0%b2%d0%ba%d0%b0-%d0%b8-%d0%be%d1%82%d0%bf%d1%80%d0%b0%d0%b2%d0%ba%d0%b0\/#breadcrumb\",\"itemListElement\":[{\"@type\":\"ListItem\",\"position\":1,\"name\":\"Home\",\"item\":\"https:\/\/revaprint.ee\/ru\/\"},{\"@type\":\"ListItem\",\"position\":2,\"name\":\"\u041f\u043e\u0434\u0433\u043e\u0442\u043e\u0432\u043a\u0430 \u0438 \u043e\u0442\u043f\u0440\u0430\u0432\u043a\u0430\"}]},{\"@type\":\"WebSite\",\"@id\":\"https:\/\/revaprint.ee\/#website\",\"url\":\"https:\/\/revaprint.ee\/\",\"name\":\"Reva Print O\u00dc\",\"description\":\"Tr\u00fckikoda, tr\u00fckiteenused Tallinnas\",\"publisher\":{\"@id\":\"https:\/\/revaprint.ee\/#organization\"},\"potentialAction\":[{\"@type\":\"SearchAction\",\"target\":{\"@type\":\"EntryPoint\",\"urlTemplate\":\"https:\/\/revaprint.ee\/?s={search_term_string}\"},\"query-input\":\"required name=search_term_string\"}],\"inLanguage\":\"ru-RU\"},{\"@type\":\"Organization\",\"@id\":\"https:\/\/revaprint.ee\/#organization\",\"name\":\"Reva Print O\u00dc\",\"url\":\"https:\/\/revaprint.ee\/\",\"logo\":{\"@type\":\"ImageObject\",\"inLanguage\":\"ru-RU\",\"@id\":\"https:\/\/revaprint.ee\/#\/schema\/logo\/image\/\",\"url\":\"https:\/\/revaprint.ee\/wp-content\/uploads\/2016\/12\/revaprint-logo.png\",\"contentUrl\":\"https:\/\/revaprint.ee\/wp-content\/uploads\/2016\/12\/revaprint-logo.png\",\"width\":134,\"height\":119,\"caption\":\"Reva Print O\u00dc\"},\"image\":{\"@id\":\"https:\/\/revaprint.ee\/#\/schema\/logo\/image\/\"}}]}<\/script>\n<!-- \/ Yoast SEO plugin. -->","yoast_head_json":{"title":"\u041f\u043e\u0434\u0433\u043e\u0442\u043e\u0432\u043a\u0430 \u0438 \u043e\u0442\u043f\u0440\u0430\u0432\u043a\u0430 - Reva Print O\u00dc","robots":{"index":"index","follow":"follow","max-snippet":"max-snippet:-1","max-image-preview":"max-image-preview:large","max-video-preview":"max-video-preview:-1"},"canonical":"https:\/\/revaprint.ee\/ru\/\u043f\u043e\u0434\u0433\u043e\u0442\u043e\u0432\u043a\u0430-\u0438-\u043e\u0442\u043f\u0440\u0430\u0432\u043a\u0430\/","og_locale":"ru_RU","og_type":"article","og_title":"\u041f\u043e\u0434\u0433\u043e\u0442\u043e\u0432\u043a\u0430 \u0438 \u043e\u0442\u043f\u0440\u0430\u0432\u043a\u0430 - Reva Print O\u00dc","og_description":"\u041a \u043b\u0430\u043c\u0438\u043d\u0438\u0440\u043e\u0432\u0430\u043d\u0438\u044e \u0438 \u043f\u043e\u043a\u0440\u044b\u0442\u0438\u044e \u0423\u0424-\u043b\u0430\u043a\u043e\u043c \u043f\u0440\u0438\u043d\u0438\u043c\u0430\u0435\u043c \u043f\u0435\u0447\u0430\u0442\u043d\u044b\u0435 \u043b\u0438\u0441\u0442\u044b. \u0420\u0430\u0431\u043e\u0442\u044b \u0432 \u0442\u0435\u0445\u043d\u0438\u043a\u0435 \u0448\u0435\u043b\u043a\u043e\u0433\u0440\u0430\u0444\u0438\u0438 \u043f\u0440\u043e\u0441\u0438\u043c \u043f\u0440\u0435\u0434\u0432\u0430\u0440\u0438\u0442\u0435\u043b\u044c\u043d\u043e \u0441\u043e\u0433\u043b\u0430\u0441\u043e\u0432\u0430\u0442\u044c \u0441 \u043d\u0430\u043c\u0438. \u0412\u043c\u0435\u0441\u0442\u0435 \u0441 \u0440\u0430\u0431\u043e\u0442\u043e\u0439 \u043f\u0440\u043e\u0441\u0438\u043c \u043e\u0442\u043f\u0440\u0430\u0432\u0438\u0442\u044c \u0437\u0430\u043a\u0430\u0437-\u0441\u043e\u043f\u0440\u043e\u0432\u043e\u0434\u0438\u0442\u0435\u043b\u044c\u043d\u044b\u0439 \u043b\u0438\u0441\u0442, \u043d\u0430 \u043a\u043e\u0442\u043e\u0440\u043e\u043c \u043e\u0442\u043c\u0435\u0447\u0435\u043d\u043e: 1. \u041d\u0430\u0437\u0432\u0430\u043d\u0438\u0435 \u0440\u0430\u0431\u043e\u0442\u044b 2. \u0424\u043e\u0440\u043c\u0430\u0442 3. \u041d\u0435\u043e\u0431\u0445\u043e\u0434\u0438\u043c\u043e\u0435 \u043a\u043e\u043b\u0438\u0447\u0435\u0441\u0442\u0432\u043e \u043f\u0435\u0447\u0430\u0442\u043d\u044b\u0445 \u043b\u0438\u0441\u0442\u043e\u0432 4. \u0427\u0442\u043e \u043d\u0443\u0436\u043d\u043e \u0441\u0434\u0435\u043b\u0430\u0442\u044c 5. \u0412\u0440\u0435\u043c\u044f \u043f\u043e\u0441\u0442\u0443\u043f\u043b\u0435\u043d\u0438\u044f \u0440\u0430\u0431\u043e\u0442\u044b \u0438 \u0436\u0435\u043b\u0430\u0435\u043c\u044b\u0439 \u0441\u0440\u043e\u043a \u0432\u044b\u043f\u043e\u043b\u043d\u0435\u043d\u0438\u044f \u0437\u0430\u043a\u0430\u0437\u0430 &hellip;","og_url":"https:\/\/revaprint.ee\/ru\/\u043f\u043e\u0434\u0433\u043e\u0442\u043e\u0432\u043a\u0430-\u0438-\u043e\u0442\u043f\u0440\u0430\u0432\u043a\u0430\/","og_site_name":"Reva Print O\u00dc","article_modified_time":"2017-02-26T13:52:44+00:00","twitter_card":"summary_large_image","schema":{"@context":"https:\/\/schema.org","@graph":[{"@type":"WebPage","@id":"https:\/\/revaprint.ee\/ru\/%d0%bf%d0%be%d0%b4%d0%b3%d0%be%d1%82%d0%be%d0%b2%d0%ba%d0%b0-%d0%b8-%d0%be%d1%82%d0%bf%d1%80%d0%b0%d0%b2%d0%ba%d0%b0\/","url":"https:\/\/revaprint.ee\/ru\/%d0%bf%d0%be%d0%b4%d0%b3%d0%be%d1%82%d0%be%d0%b2%d0%ba%d0%b0-%d0%b8-%d0%be%d1%82%d0%bf%d1%80%d0%b0%d0%b2%d0%ba%d0%b0\/","name":"\u041f\u043e\u0434\u0433\u043e\u0442\u043e\u0432\u043a\u0430 \u0438 \u043e\u0442\u043f\u0440\u0430\u0432\u043a\u0430 - Reva Print O\u00dc","isPartOf":{"@id":"https:\/\/revaprint.ee\/#website"},"datePublished":"2016-12-08T18:35:31+00:00","dateModified":"2017-02-26T13:52:44+00:00","breadcrumb":{"@id":"https:\/\/revaprint.ee\/ru\/%d0%bf%d0%be%d0%b4%d0%b3%d0%be%d1%82%d0%be%d0%b2%d0%ba%d0%b0-%d0%b8-%d0%be%d1%82%d0%bf%d1%80%d0%b0%d0%b2%d0%ba%d0%b0\/#breadcrumb"},"inLanguage":"ru-RU","potentialAction":[{"@type":"ReadAction","target":["https:\/\/revaprint.ee\/ru\/%d0%bf%d0%be%d0%b4%d0%b3%d0%be%d1%82%d0%be%d0%b2%d0%ba%d0%b0-%d0%b8-%d0%be%d1%82%d0%bf%d1%80%d0%b0%d0%b2%d0%ba%d0%b0\/"]}]},{"@type":"BreadcrumbList","@id":"https:\/\/revaprint.ee\/ru\/%d0%bf%d0%be%d0%b4%d0%b3%d0%be%d1%82%d0%be%d0%b2%d0%ba%d0%b0-%d0%b8-%d0%be%d1%82%d0%bf%d1%80%d0%b0%d0%b2%d0%ba%d0%b0\/#breadcrumb","itemListElement":[{"@type":"ListItem","position":1,"name":"Home","item":"https:\/\/revaprint.ee\/ru\/"},{"@type":"ListItem","position":2,"name":"\u041f\u043e\u0434\u0433\u043e\u0442\u043e\u0432\u043a\u0430 \u0438 \u043e\u0442\u043f\u0440\u0430\u0432\u043a\u0430"}]},{"@type":"WebSite","@id":"https:\/\/revaprint.ee\/#website","url":"https:\/\/revaprint.ee\/","name":"Reva Print O\u00dc","description":"Tr\u00fckikoda, tr\u00fckiteenused Tallinnas","publisher":{"@id":"https:\/\/revaprint.ee\/#organization"},"potentialAction":[{"@type":"SearchAction","target":{"@type":"EntryPoint","urlTemplate":"https:\/\/revaprint.ee\/?s={search_term_string}"},"query-input":"required name=search_term_string"}],"inLanguage":"ru-RU"},{"@type":"Organization","@id":"https:\/\/revaprint.ee\/#organization","name":"Reva Print O\u00dc","url":"https:\/\/revaprint.ee\/","logo":{"@type":"ImageObject","inLanguage":"ru-RU","@id":"https:\/\/revaprint.ee\/#\/schema\/logo\/image\/","url":"https:\/\/revaprint.ee\/wp-content\/uploads\/2016\/12\/revaprint-logo.png","contentUrl":"https:\/\/revaprint.ee\/wp-content\/uploads\/2016\/12\/revaprint-logo.png","width":134,"height":119,"caption":"Reva Print O\u00dc"},"image":{"@id":"https:\/\/revaprint.ee\/#\/schema\/logo\/image\/"}}]}},"_links":{"self":[{"href":"https:\/\/revaprint.ee\/ru\/wp-json\/wp\/v2\/pages\/158"}],"collection":[{"href":"https:\/\/revaprint.ee\/ru\/wp-json\/wp\/v2\/pages"}],"about":[{"href":"https:\/\/revaprint.ee\/ru\/wp-json\/wp\/v2\/types\/page"}],"author":[{"embeddable":true,"href":"https:\/\/revaprint.ee\/ru\/wp-json\/wp\/v2\/users\/1"}],"replies":[{"embeddable":true,"href":"https:\/\/revaprint.ee\/ru\/wp-json\/wp\/v2\/comments?post=158"}],"version-history":[{"count":1,"href":"https:\/\/revaprint.ee\/ru\/wp-json\/wp\/v2\/pages\/158\/revisions"}],"predecessor-version":[{"id":163,"href":"https:\/\/revaprint.ee\/ru\/wp-json\/wp\/v2\/pages\/158\/revisions\/163"}],"wp:attachment":[{"href":"https:\/\/revaprint.ee\/ru\/wp-json\/wp\/v2\/media?parent=158"}],"curies":[{"name":"wp","href":"https:\/\/api.w.org\/{rel}","templated":true}]}}