{"id":157,"date":"2016-12-08T20:35:31","date_gmt":"2016-12-08T18:35:31","guid":{"rendered":"http:\/\/veeb.revaprint.ee\/ettevalmistus-ja-edastus\/"},"modified":"2017-02-26T15:50:52","modified_gmt":"2017-02-26T13:50:52","slug":"preprint-ja-ohjeet","status":"publish","type":"page","link":"https:\/\/revaprint.ee\/fi\/preprint-ja-ohjeet\/","title":{"rendered":"Preprint ja ohjeet"},"content":{"rendered":"<p>Laminointia ja uv-lakkausta varten vastaanotetaan painoarkkeja.<br \/>\nSilkkipainettavat toimeksiannot on l\u00e4hetett\u00e4v\u00e4 ensin tarkastettaviksi.<\/p>\n<p>Pyyd\u00e4mme t\u00e4ytt\u00e4m\u00e4\u00e4n tilauskaavakkeen, johon merkit\u00e4\u00e4n:<\/p>\n<p>1. Toimeksiannon nimi<br \/>\n2. Formaatti<br \/>\n3. Arkkim\u00e4\u00e4r\u00e4<br \/>\n4. Toimeksiannon sis\u00e4lt\u00f6<br \/>\n5. Arvioitu l\u00e4hetysajankohta sek\u00e4 toivottu valmistumisaika<\/p>\n<p>Tiedoston perusteella tapahtuvaa painantaa varten tarvitaan laadukas painovalmis pdf-tiedosto, jonka tekstiosiot on my\u00f6s muunnettu kuviksi.<\/p>\n","protected":false},"excerpt":{"rendered":"<p>Laminointia ja uv-lakkausta varten vastaanotetaan painoarkkeja. Silkkipainettavat toimeksiannot on l\u00e4hetett\u00e4v\u00e4 ensin tarkastettaviksi. Pyyd\u00e4mme t\u00e4ytt\u00e4m\u00e4\u00e4n tilauskaavakkeen, johon merkit\u00e4\u00e4n: 1. Toimeksiannon nimi 2. Formaatti 3. Arkkim\u00e4\u00e4r\u00e4 4. Toimeksiannon sis\u00e4lt\u00f6 5. Arvioitu l\u00e4hetysajankohta sek\u00e4 toivottu valmistumisaika Tiedoston perusteella tapahtuvaa painantaa varten tarvitaan laadukas painovalmis pdf-tiedosto, jonka tekstiosiot on my\u00f6s muunnettu kuviksi.<\/p>\n","protected":false},"author":1,"featured_media":0,"parent":0,"menu_order":0,"comment_status":"closed","ping_status":"closed","template":"","meta":[],"yoast_head":"<!-- This site is optimized with the Yoast SEO plugin v20.12 - https:\/\/yoast.com\/wordpress\/plugins\/seo\/ -->\n<title>Preprint ja ohjeet - Reva Print O\u00dc<\/title>\n<meta name=\"robots\" content=\"index, follow, max-snippet:-1, max-image-preview:large, max-video-preview:-1\" \/>\n<link rel=\"canonical\" href=\"https:\/\/revaprint.ee\/fi\/preprint-ja-ohjeet\/\" \/>\n<meta property=\"og:locale\" content=\"fi_FI\" \/>\n<meta property=\"og:type\" content=\"article\" \/>\n<meta property=\"og:title\" content=\"Preprint ja ohjeet - Reva Print O\u00dc\" \/>\n<meta property=\"og:description\" content=\"Laminointia ja uv-lakkausta varten vastaanotetaan painoarkkeja. Silkkipainettavat toimeksiannot on l\u00e4hetett\u00e4v\u00e4 ensin tarkastettaviksi. Pyyd\u00e4mme t\u00e4ytt\u00e4m\u00e4\u00e4n tilauskaavakkeen, johon merkit\u00e4\u00e4n: 1. Toimeksiannon nimi 2. Formaatti 3. Arkkim\u00e4\u00e4r\u00e4 4. Toimeksiannon sis\u00e4lt\u00f6 5. Arvioitu l\u00e4hetysajankohta sek\u00e4 toivottu valmistumisaika Tiedoston perusteella tapahtuvaa painantaa varten tarvitaan laadukas painovalmis pdf-tiedosto, jonka tekstiosiot on my\u00f6s muunnettu kuviksi.\" \/>\n<meta property=\"og:url\" content=\"https:\/\/revaprint.ee\/fi\/preprint-ja-ohjeet\/\" \/>\n<meta property=\"og:site_name\" content=\"Reva Print O\u00dc\" \/>\n<meta property=\"article:modified_time\" content=\"2017-02-26T13:50:52+00:00\" \/>\n<meta name=\"twitter:card\" content=\"summary_large_image\" \/>\n<script type=\"application\/ld+json\" class=\"yoast-schema-graph\">{\"@context\":\"https:\/\/schema.org\",\"@graph\":[{\"@type\":\"WebPage\",\"@id\":\"https:\/\/revaprint.ee\/fi\/preprint-ja-ohjeet\/\",\"url\":\"https:\/\/revaprint.ee\/fi\/preprint-ja-ohjeet\/\",\"name\":\"Preprint ja ohjeet - Reva Print O\u00dc\",\"isPartOf\":{\"@id\":\"https:\/\/revaprint.ee\/#website\"},\"datePublished\":\"2016-12-08T18:35:31+00:00\",\"dateModified\":\"2017-02-26T13:50:52+00:00\",\"breadcrumb\":{\"@id\":\"https:\/\/revaprint.ee\/fi\/preprint-ja-ohjeet\/#breadcrumb\"},\"inLanguage\":\"fi\",\"potentialAction\":[{\"@type\":\"ReadAction\",\"target\":[\"https:\/\/revaprint.ee\/fi\/preprint-ja-ohjeet\/\"]}]},{\"@type\":\"BreadcrumbList\",\"@id\":\"https:\/\/revaprint.ee\/fi\/preprint-ja-ohjeet\/#breadcrumb\",\"itemListElement\":[{\"@type\":\"ListItem\",\"position\":1,\"name\":\"Home\",\"item\":\"https:\/\/revaprint.ee\/fi\/\"},{\"@type\":\"ListItem\",\"position\":2,\"name\":\"Preprint ja ohjeet\"}]},{\"@type\":\"WebSite\",\"@id\":\"https:\/\/revaprint.ee\/#website\",\"url\":\"https:\/\/revaprint.ee\/\",\"name\":\"Reva Print O\u00dc\",\"description\":\"Tr\u00fckikoda, tr\u00fckiteenused Tallinnas\",\"publisher\":{\"@id\":\"https:\/\/revaprint.ee\/#organization\"},\"potentialAction\":[{\"@type\":\"SearchAction\",\"target\":{\"@type\":\"EntryPoint\",\"urlTemplate\":\"https:\/\/revaprint.ee\/?s={search_term_string}\"},\"query-input\":\"required name=search_term_string\"}],\"inLanguage\":\"fi\"},{\"@type\":\"Organization\",\"@id\":\"https:\/\/revaprint.ee\/#organization\",\"name\":\"Reva Print O\u00dc\",\"url\":\"https:\/\/revaprint.ee\/\",\"logo\":{\"@type\":\"ImageObject\",\"inLanguage\":\"fi\",\"@id\":\"https:\/\/revaprint.ee\/#\/schema\/logo\/image\/\",\"url\":\"https:\/\/revaprint.ee\/wp-content\/uploads\/2016\/12\/revaprint-logo.png\",\"contentUrl\":\"https:\/\/revaprint.ee\/wp-content\/uploads\/2016\/12\/revaprint-logo.png\",\"width\":134,\"height\":119,\"caption\":\"Reva Print O\u00dc\"},\"image\":{\"@id\":\"https:\/\/revaprint.ee\/#\/schema\/logo\/image\/\"}}]}<\/script>\n<!-- \/ Yoast SEO plugin. -->","yoast_head_json":{"title":"Preprint ja ohjeet - Reva Print O\u00dc","robots":{"index":"index","follow":"follow","max-snippet":"max-snippet:-1","max-image-preview":"max-image-preview:large","max-video-preview":"max-video-preview:-1"},"canonical":"https:\/\/revaprint.ee\/fi\/preprint-ja-ohjeet\/","og_locale":"fi_FI","og_type":"article","og_title":"Preprint ja ohjeet - Reva Print O\u00dc","og_description":"Laminointia ja uv-lakkausta varten vastaanotetaan painoarkkeja. Silkkipainettavat toimeksiannot on l\u00e4hetett\u00e4v\u00e4 ensin tarkastettaviksi. Pyyd\u00e4mme t\u00e4ytt\u00e4m\u00e4\u00e4n tilauskaavakkeen, johon merkit\u00e4\u00e4n: 1. Toimeksiannon nimi 2. Formaatti 3. Arkkim\u00e4\u00e4r\u00e4 4. Toimeksiannon sis\u00e4lt\u00f6 5. Arvioitu l\u00e4hetysajankohta sek\u00e4 toivottu valmistumisaika Tiedoston perusteella tapahtuvaa painantaa varten tarvitaan laadukas painovalmis pdf-tiedosto, jonka tekstiosiot on my\u00f6s muunnettu kuviksi.","og_url":"https:\/\/revaprint.ee\/fi\/preprint-ja-ohjeet\/","og_site_name":"Reva Print O\u00dc","article_modified_time":"2017-02-26T13:50:52+00:00","twitter_card":"summary_large_image","schema":{"@context":"https:\/\/schema.org","@graph":[{"@type":"WebPage","@id":"https:\/\/revaprint.ee\/fi\/preprint-ja-ohjeet\/","url":"https:\/\/revaprint.ee\/fi\/preprint-ja-ohjeet\/","name":"Preprint ja ohjeet - Reva Print O\u00dc","isPartOf":{"@id":"https:\/\/revaprint.ee\/#website"},"datePublished":"2016-12-08T18:35:31+00:00","dateModified":"2017-02-26T13:50:52+00:00","breadcrumb":{"@id":"https:\/\/revaprint.ee\/fi\/preprint-ja-ohjeet\/#breadcrumb"},"inLanguage":"fi","potentialAction":[{"@type":"ReadAction","target":["https:\/\/revaprint.ee\/fi\/preprint-ja-ohjeet\/"]}]},{"@type":"BreadcrumbList","@id":"https:\/\/revaprint.ee\/fi\/preprint-ja-ohjeet\/#breadcrumb","itemListElement":[{"@type":"ListItem","position":1,"name":"Home","item":"https:\/\/revaprint.ee\/fi\/"},{"@type":"ListItem","position":2,"name":"Preprint ja ohjeet"}]},{"@type":"WebSite","@id":"https:\/\/revaprint.ee\/#website","url":"https:\/\/revaprint.ee\/","name":"Reva Print O\u00dc","description":"Tr\u00fckikoda, tr\u00fckiteenused Tallinnas","publisher":{"@id":"https:\/\/revaprint.ee\/#organization"},"potentialAction":[{"@type":"SearchAction","target":{"@type":"EntryPoint","urlTemplate":"https:\/\/revaprint.ee\/?s={search_term_string}"},"query-input":"required name=search_term_string"}],"inLanguage":"fi"},{"@type":"Organization","@id":"https:\/\/revaprint.ee\/#organization","name":"Reva Print O\u00dc","url":"https:\/\/revaprint.ee\/","logo":{"@type":"ImageObject","inLanguage":"fi","@id":"https:\/\/revaprint.ee\/#\/schema\/logo\/image\/","url":"https:\/\/revaprint.ee\/wp-content\/uploads\/2016\/12\/revaprint-logo.png","contentUrl":"https:\/\/revaprint.ee\/wp-content\/uploads\/2016\/12\/revaprint-logo.png","width":134,"height":119,"caption":"Reva Print O\u00dc"},"image":{"@id":"https:\/\/revaprint.ee\/#\/schema\/logo\/image\/"}}]}},"_links":{"self":[{"href":"https:\/\/revaprint.ee\/fi\/wp-json\/wp\/v2\/pages\/157"}],"collection":[{"href":"https:\/\/revaprint.ee\/fi\/wp-json\/wp\/v2\/pages"}],"about":[{"href":"https:\/\/revaprint.ee\/fi\/wp-json\/wp\/v2\/types\/page"}],"author":[{"embeddable":true,"href":"https:\/\/revaprint.ee\/fi\/wp-json\/wp\/v2\/users\/1"}],"replies":[{"embeddable":true,"href":"https:\/\/revaprint.ee\/fi\/wp-json\/wp\/v2\/comments?post=157"}],"version-history":[{"count":1,"href":"https:\/\/revaprint.ee\/fi\/wp-json\/wp\/v2\/pages\/157\/revisions"}],"predecessor-version":[{"id":161,"href":"https:\/\/revaprint.ee\/fi\/wp-json\/wp\/v2\/pages\/157\/revisions\/161"}],"wp:attachment":[{"href":"https:\/\/revaprint.ee\/fi\/wp-json\/wp\/v2\/media?parent=157"}],"curies":[{"name":"wp","href":"https:\/\/api.w.org\/{rel}","templated":true}]}}