{"id":133,"date":"2017-02-26T15:22:26","date_gmt":"2017-02-26T13:22:26","guid":{"rendered":"http:\/\/veeb.revaprint.ee\/?page_id=133\/"},"modified":"2024-09-06T20:57:02","modified_gmt":"2024-09-06T17:57:02","slug":"reva-print-as","status":"publish","type":"page","link":"https:\/\/revaprint.ee\/fi\/","title":{"rendered":"Reva Print O\u00dc"},"content":{"rendered":"<p>Reva Print aloitti toimintansa vuonna 1992.<br \/>\nPalvelumme kattavat kaikenlaisen silkkipainon sek\u00e4 digitaalisen painamisen k\u00e4yntikorteista tarroihin saakka. Olemme my\u00f6s erikoistuneet erikoistehosteiden toteuttamiseen, jollaisia ovat esimerkiksi mattapinnat, kiilt\u00e4v\u00e4t pinnat sek\u00e4 koholakkaus joko sellaisenaan tai erilaisilla lis\u00e4tehosteilla kuten raaputettavalla v\u00e4rill\u00e4, glitterill\u00e4 ja helmi\u00e4ispigmentill\u00e4 varustettuna. Lis\u00e4ksi k\u00e4yt\u00e4mme tarvittaessa tuoksulakkausta ja lis\u00e4\u00e4mme pime\u00e4ss\u00e4 hohtavien sek\u00e4 setelivalolla luettavan lakat.<\/p>\n","protected":false},"excerpt":{"rendered":"<p>Reva Print aloitti toimintansa vuonna 1992. Palvelumme kattavat kaikenlaisen silkkipainon sek\u00e4 digitaalisen painamisen k\u00e4yntikorteista tarroihin saakka. Olemme my\u00f6s erikoistuneet erikoistehosteiden toteuttamiseen, jollaisia ovat esimerkiksi mattapinnat, kiilt\u00e4v\u00e4t pinnat sek\u00e4 koholakkaus joko sellaisenaan tai erilaisilla lis\u00e4tehosteilla kuten raaputettavalla v\u00e4rill\u00e4, glitterill\u00e4 ja helmi\u00e4ispigmentill\u00e4 varustettuna. Lis\u00e4ksi k\u00e4yt\u00e4mme tarvittaessa tuoksulakkausta ja lis\u00e4\u00e4mme pime\u00e4ss\u00e4 hohtavien sek\u00e4 &hellip;<\/p>\n","protected":false},"author":1,"featured_media":0,"parent":0,"menu_order":0,"comment_status":"closed","ping_status":"closed","template":"","meta":[],"yoast_head":"<!-- This site is optimized with the Yoast SEO plugin v20.12 - https:\/\/yoast.com\/wordpress\/plugins\/seo\/ -->\n<title>Reva Print O\u00dc - Reva Print O\u00dc<\/title>\n<meta name=\"robots\" content=\"index, follow, max-snippet:-1, max-image-preview:large, max-video-preview:-1\" \/>\n<link rel=\"canonical\" href=\"https:\/\/revaprint.ee\/fi\/\" \/>\n<meta property=\"og:locale\" content=\"fi_FI\" \/>\n<meta property=\"og:type\" content=\"article\" \/>\n<meta property=\"og:title\" content=\"Reva Print O\u00dc - Reva Print O\u00dc\" \/>\n<meta property=\"og:description\" content=\"Reva Print aloitti toimintansa vuonna 1992. Palvelumme kattavat kaikenlaisen silkkipainon sek\u00e4 digitaalisen painamisen k\u00e4yntikorteista tarroihin saakka. Olemme my\u00f6s erikoistuneet erikoistehosteiden toteuttamiseen, jollaisia ovat esimerkiksi mattapinnat, kiilt\u00e4v\u00e4t pinnat sek\u00e4 koholakkaus joko sellaisenaan tai erilaisilla lis\u00e4tehosteilla kuten raaputettavalla v\u00e4rill\u00e4, glitterill\u00e4 ja helmi\u00e4ispigmentill\u00e4 varustettuna. Lis\u00e4ksi k\u00e4yt\u00e4mme tarvittaessa tuoksulakkausta ja lis\u00e4\u00e4mme pime\u00e4ss\u00e4 hohtavien sek\u00e4 &hellip;\" \/>\n<meta property=\"og:url\" content=\"https:\/\/revaprint.ee\/fi\/\" \/>\n<meta property=\"og:site_name\" content=\"Reva Print O\u00dc\" \/>\n<meta property=\"article:modified_time\" content=\"2024-09-06T17:57:02+00:00\" \/>\n<meta name=\"twitter:card\" content=\"summary_large_image\" \/>\n<meta name=\"twitter:label1\" content=\"Arvioitu lukuaika\" \/>\n\t<meta name=\"twitter:data1\" content=\"1 minuutti\" \/>\n<script type=\"application\/ld+json\" class=\"yoast-schema-graph\">{\"@context\":\"https:\/\/schema.org\",\"@graph\":[{\"@type\":\"WebPage\",\"@id\":\"https:\/\/revaprint.ee\/fi\/\",\"url\":\"https:\/\/revaprint.ee\/fi\/\",\"name\":\"Reva Print O\u00dc - Reva Print O\u00dc\",\"isPartOf\":{\"@id\":\"https:\/\/revaprint.ee\/#website\"},\"datePublished\":\"2017-02-26T13:22:26+00:00\",\"dateModified\":\"2024-09-06T17:57:02+00:00\",\"breadcrumb\":{\"@id\":\"https:\/\/revaprint.ee\/fi\/#breadcrumb\"},\"inLanguage\":\"fi\",\"potentialAction\":[{\"@type\":\"ReadAction\",\"target\":[\"https:\/\/revaprint.ee\/fi\/\"]}]},{\"@type\":\"BreadcrumbList\",\"@id\":\"https:\/\/revaprint.ee\/fi\/#breadcrumb\",\"itemListElement\":[{\"@type\":\"ListItem\",\"position\":1,\"name\":\"Home\",\"item\":\"https:\/\/revaprint.ee\/fi\/\"},{\"@type\":\"ListItem\",\"position\":2,\"name\":\"Reva Print O\u00dc\"}]},{\"@type\":\"WebSite\",\"@id\":\"https:\/\/revaprint.ee\/#website\",\"url\":\"https:\/\/revaprint.ee\/\",\"name\":\"Reva Print O\u00dc\",\"description\":\"Tr\u00fckikoda, tr\u00fckiteenused Tallinnas\",\"publisher\":{\"@id\":\"https:\/\/revaprint.ee\/#organization\"},\"potentialAction\":[{\"@type\":\"SearchAction\",\"target\":{\"@type\":\"EntryPoint\",\"urlTemplate\":\"https:\/\/revaprint.ee\/?s={search_term_string}\"},\"query-input\":\"required name=search_term_string\"}],\"inLanguage\":\"fi\"},{\"@type\":\"Organization\",\"@id\":\"https:\/\/revaprint.ee\/#organization\",\"name\":\"Reva Print O\u00dc\",\"url\":\"https:\/\/revaprint.ee\/\",\"logo\":{\"@type\":\"ImageObject\",\"inLanguage\":\"fi\",\"@id\":\"https:\/\/revaprint.ee\/#\/schema\/logo\/image\/\",\"url\":\"https:\/\/revaprint.ee\/wp-content\/uploads\/2016\/12\/revaprint-logo.png\",\"contentUrl\":\"https:\/\/revaprint.ee\/wp-content\/uploads\/2016\/12\/revaprint-logo.png\",\"width\":134,\"height\":119,\"caption\":\"Reva Print O\u00dc\"},\"image\":{\"@id\":\"https:\/\/revaprint.ee\/#\/schema\/logo\/image\/\"}}]}<\/script>\n<!-- \/ Yoast SEO plugin. -->","yoast_head_json":{"title":"Reva Print O\u00dc - Reva Print O\u00dc","robots":{"index":"index","follow":"follow","max-snippet":"max-snippet:-1","max-image-preview":"max-image-preview:large","max-video-preview":"max-video-preview:-1"},"canonical":"https:\/\/revaprint.ee\/fi\/","og_locale":"fi_FI","og_type":"article","og_title":"Reva Print O\u00dc - Reva Print O\u00dc","og_description":"Reva Print aloitti toimintansa vuonna 1992. Palvelumme kattavat kaikenlaisen silkkipainon sek\u00e4 digitaalisen painamisen k\u00e4yntikorteista tarroihin saakka. Olemme my\u00f6s erikoistuneet erikoistehosteiden toteuttamiseen, jollaisia ovat esimerkiksi mattapinnat, kiilt\u00e4v\u00e4t pinnat sek\u00e4 koholakkaus joko sellaisenaan tai erilaisilla lis\u00e4tehosteilla kuten raaputettavalla v\u00e4rill\u00e4, glitterill\u00e4 ja helmi\u00e4ispigmentill\u00e4 varustettuna. Lis\u00e4ksi k\u00e4yt\u00e4mme tarvittaessa tuoksulakkausta ja lis\u00e4\u00e4mme pime\u00e4ss\u00e4 hohtavien sek\u00e4 &hellip;","og_url":"https:\/\/revaprint.ee\/fi\/","og_site_name":"Reva Print O\u00dc","article_modified_time":"2024-09-06T17:57:02+00:00","twitter_card":"summary_large_image","twitter_misc":{"Arvioitu lukuaika":"1 minuutti"},"schema":{"@context":"https:\/\/schema.org","@graph":[{"@type":"WebPage","@id":"https:\/\/revaprint.ee\/fi\/","url":"https:\/\/revaprint.ee\/fi\/","name":"Reva Print O\u00dc - Reva Print O\u00dc","isPartOf":{"@id":"https:\/\/revaprint.ee\/#website"},"datePublished":"2017-02-26T13:22:26+00:00","dateModified":"2024-09-06T17:57:02+00:00","breadcrumb":{"@id":"https:\/\/revaprint.ee\/fi\/#breadcrumb"},"inLanguage":"fi","potentialAction":[{"@type":"ReadAction","target":["https:\/\/revaprint.ee\/fi\/"]}]},{"@type":"BreadcrumbList","@id":"https:\/\/revaprint.ee\/fi\/#breadcrumb","itemListElement":[{"@type":"ListItem","position":1,"name":"Home","item":"https:\/\/revaprint.ee\/fi\/"},{"@type":"ListItem","position":2,"name":"Reva Print O\u00dc"}]},{"@type":"WebSite","@id":"https:\/\/revaprint.ee\/#website","url":"https:\/\/revaprint.ee\/","name":"Reva Print O\u00dc","description":"Tr\u00fckikoda, tr\u00fckiteenused Tallinnas","publisher":{"@id":"https:\/\/revaprint.ee\/#organization"},"potentialAction":[{"@type":"SearchAction","target":{"@type":"EntryPoint","urlTemplate":"https:\/\/revaprint.ee\/?s={search_term_string}"},"query-input":"required name=search_term_string"}],"inLanguage":"fi"},{"@type":"Organization","@id":"https:\/\/revaprint.ee\/#organization","name":"Reva Print O\u00dc","url":"https:\/\/revaprint.ee\/","logo":{"@type":"ImageObject","inLanguage":"fi","@id":"https:\/\/revaprint.ee\/#\/schema\/logo\/image\/","url":"https:\/\/revaprint.ee\/wp-content\/uploads\/2016\/12\/revaprint-logo.png","contentUrl":"https:\/\/revaprint.ee\/wp-content\/uploads\/2016\/12\/revaprint-logo.png","width":134,"height":119,"caption":"Reva Print O\u00dc"},"image":{"@id":"https:\/\/revaprint.ee\/#\/schema\/logo\/image\/"}}]}},"_links":{"self":[{"href":"https:\/\/revaprint.ee\/fi\/wp-json\/wp\/v2\/pages\/133"}],"collection":[{"href":"https:\/\/revaprint.ee\/fi\/wp-json\/wp\/v2\/pages"}],"about":[{"href":"https:\/\/revaprint.ee\/fi\/wp-json\/wp\/v2\/types\/page"}],"author":[{"embeddable":true,"href":"https:\/\/revaprint.ee\/fi\/wp-json\/wp\/v2\/users\/1"}],"replies":[{"embeddable":true,"href":"https:\/\/revaprint.ee\/fi\/wp-json\/wp\/v2\/comments?post=133"}],"version-history":[{"count":2,"href":"https:\/\/revaprint.ee\/fi\/wp-json\/wp\/v2\/pages\/133\/revisions"}],"predecessor-version":[{"id":1646,"href":"https:\/\/revaprint.ee\/fi\/wp-json\/wp\/v2\/pages\/133\/revisions\/1646"}],"wp:attachment":[{"href":"https:\/\/revaprint.ee\/fi\/wp-json\/wp\/v2\/media?parent=133"}],"curies":[{"name":"wp","href":"https:\/\/api.w.org\/{rel}","templated":true}]}}