{"id":131,"date":"2017-02-26T15:16:14","date_gmt":"2017-02-26T13:16:14","guid":{"rendered":"http:\/\/veeb.revaprint.ee\/?page_id=131\/"},"modified":"2017-02-26T15:16:14","modified_gmt":"2017-02-26T13:16:14","slug":"yritys","status":"publish","type":"page","link":"https:\/\/revaprint.ee\/fi\/yritys\/","title":{"rendered":"Yritys"},"content":{"rendered":"<p>Reva Print aloitti toimintansa vuonna 1992.<br \/>\nPalvelumme kattavat kaikenlaisen silkkipainon sek\u00e4 digitaalisen painamisen k\u00e4yntikorteista tarroihin saakka. Olemme my\u00f6s erikoistuneet erikoistehosteiden toteuttamiseen, jollaisia ovat esimerkiksi mattapinnat, kiilt\u00e4v\u00e4t pinnat sek\u00e4 koholakkaus joko sellaisenaan tai erilaisilla lis\u00e4tehosteilla kuten raaputettavalla v\u00e4rill\u00e4, glitterill\u00e4 ja helmi\u00e4ispigmentill\u00e4 varustettuna. Lis\u00e4ksi k\u00e4yt\u00e4mme tarvittaessa tuoksulakkausta ja lis\u00e4\u00e4mme pime\u00e4ss\u00e4 hohtavien sek\u00e4 setelivalolla luettavan lakat.<\/p>\n<p>Painamme designpaperille, kartongille, muoville ja teemme kirjojen irtokannet, k\u00e4yntikortit, ruokalistat sek\u00e4 muut painotuotteet.<\/p>\n<p>Tarjoamme muille painotaloille erilaista uv-lakkaus- sek\u00e4 laminointipalveluja.<\/p>\n<p>K\u00e4yt\u00e4mme korkeintaan kahdeksan vuotta k\u00e4yt\u00f6ss\u00e4 olleitta t\u00e4ysautomaattisia laitelinjastoja ja laitteita maksimaalisen tuotantotehokkuuden sek\u00e4 laadun varmistamiseksi.<\/p>\n<p>Osoitteemme on T\u00e4hetorni 21 C Tallinna ja olemme avoinna arkisin<br \/>\nkello 8.30 \u2013 16.30<\/p>\n            <script type=\"text\/javascript\">\r\n                jQuery(document).ready(function ($) {\r\n                    var wgm_map = new google.maps.Map(document.getElementById(\"srm_gmp_embed_1\"), {\r\n                        center: new google.maps.LatLng(59.38642180034068,24.642792761376995),\r\n                        zoom:12,\r\n                        mapTypeId: google.maps.MapTypeId.ROADMAP,\r\n                        scrollwheel: true,\r\n                        zoomControl: true,\r\n                        mapTypeControl: true,\r\n                        streetViewControl: true,\r\n                        fullscreenControl: true,\r\n                        draggable: true,\r\n                        disableDoubleClickZoom: false,\r\n                        panControl: true                    });\r\n                    var wgm_theme_json = '';\r\n                    if (wgm_theme_json.length > 0) {\r\n                        wgm_map.setOptions({styles: JSON.parse(wgm_theme_json)});\r\n                    }\r\n                    \/\/ To view directions form and data\r\n                                        var wgm_data_1 = {\r\n                        'action': 'wpgmapembed_p_get_markers_by_map_id',\r\n                        'data': {\r\n                            map_id: '66',\r\n                            ajax_nonce: 'f48077a25c'\r\n                        }\r\n                    };\r\n                    var wgm_ajaxurl_1 = 'https:\/\/revaprint.ee\/wp-admin\/admin-ajax.php'\r\n                    jQuery.post(wgm_ajaxurl_1, wgm_data_1, function (response) {\r\n                        response = JSON.parse(response);\r\n                        if (response.markers.length === 1) {\r\n                            var wgm_marker_to_1 = response.markers[0].marker_desc.replace(\/&gt;\/g, '>').replace(\/&lt;\/g, '<');\r\n                            jQuery('#srm_gmap_to_1').val(wgm_marker_to_1.replace(\/(<([^>]+)>)\/gi, \"\"));\r\n                        }\r\n                        var wgm_default_marker_icon_1 = 'https:\/\/maps.gstatic.com\/mapfiles\/api-3\/images\/spotlight-poi2.png';\r\n                        if (response.markers.length > 0) {\r\n                            var custom_markers = [];\r\n                            var custom_marker_infowindows = [];\r\n                            response.markers.forEach(function (wgm_marker, i) {\r\n                                var wgm_marker_lat_lng_1 = wgm_marker.lat_lng.split(',');\r\n                                wgm_custom_marker_1 = new google.maps.Marker({\r\n                                    position: new google.maps.LatLng(wgm_marker_lat_lng_1[0], wgm_marker_lat_lng_1[1]),\r\n                                    title: wgm_marker.marker_name,\r\n                                    animation: google.maps.Animation.DROP,\r\n                                    icon: (wgm_marker.icon === '') ? wgm_default_marker_icon_1 : wgm_marker.icon\r\n                                });\r\n                                custom_markers[i] = wgm_custom_marker_1;\r\n                                wgm_custom_marker_1.setMap(wgm_map);\r\n                                var wgm_marker_name_1 = (wgm_marker.marker_name !== null) ? ('<span class=\"info_content_title\" style=\"font-size:18px;font-weight: bold;font-family: Arial;\">'\r\n                                    + wgm_marker.marker_name +\r\n                                    '<\/span><br\/>') : '';\r\n                                wgm_marker.marker_desc = wgm_marker.marker_desc.replace(\/&gt;\/g, '>').replace(\/&lt;\/g, '<');\r\n                                custom_marker_infowindow = new google.maps.InfoWindow({\r\n                                    content: wgm_marker_name_1 + wgm_marker.marker_desc\r\n                                });\r\n                                custom_marker_infowindows[i] = custom_marker_infowindow;\r\n                                if (wgm_marker.show_desc_by_default === '1') {\r\n                                    custom_marker_infowindow.open({\r\n                                        anchor: wgm_custom_marker_1,\r\n                                        shouldFocus: false\r\n                                    });\r\n                                } else {\r\n                                    google.maps.event.addListener(wgm_custom_marker_1, 'click', function () {\r\n                                        custom_marker_infowindows[i].open({\r\n                                            anchor: custom_markers[i],\r\n                                            shouldFocus: false\r\n                                        });\r\n                                    });\r\n                                }\r\n                                if (wgm_marker.have_marker_link === '1') {\r\n                                    google.maps.event.addListener(wgm_custom_marker_1, 'click', function () {\r\n                                        var wgm_target = '_self';\r\n                                        if (wgm_marker.marker_link_new_tab === '1') {\r\n                                            wgm_target = '_blank';\r\n                                        }\r\n                                        window.open(wgm_marker.marker_link, wgm_target);\r\n                                    });\r\n                                }\r\n                            });\r\n                        }\r\n                    });\r\n                });\r\n\r\n            <\/script>\r\n\r\n            <div id=\"srm_gmp_embed_1\"\r\n                 style=\"width:100% !important;height:320px  !important; \">\r\n            <\/div>\r\n                    \n","protected":false},"excerpt":{"rendered":"<p>Reva Print aloitti toimintansa vuonna 1992. Palvelumme kattavat kaikenlaisen silkkipainon sek\u00e4 digitaalisen painamisen k\u00e4yntikorteista tarroihin saakka. Olemme my\u00f6s erikoistuneet erikoistehosteiden toteuttamiseen, jollaisia ovat esimerkiksi mattapinnat, kiilt\u00e4v\u00e4t pinnat sek\u00e4 koholakkaus joko sellaisenaan tai erilaisilla lis\u00e4tehosteilla kuten raaputettavalla v\u00e4rill\u00e4, glitterill\u00e4 ja helmi\u00e4ispigmentill\u00e4 varustettuna. Lis\u00e4ksi k\u00e4yt\u00e4mme tarvittaessa tuoksulakkausta ja lis\u00e4\u00e4mme pime\u00e4ss\u00e4 hohtavien sek\u00e4 &hellip;<\/p>\n","protected":false},"author":1,"featured_media":0,"parent":0,"menu_order":0,"comment_status":"closed","ping_status":"closed","template":"","meta":[],"yoast_head":"<!-- This site is optimized with the Yoast SEO plugin v20.12 - https:\/\/yoast.com\/wordpress\/plugins\/seo\/ -->\n<title>Yritys - Reva Print O\u00dc<\/title>\n<meta name=\"robots\" content=\"index, follow, max-snippet:-1, max-image-preview:large, max-video-preview:-1\" \/>\n<link rel=\"canonical\" href=\"https:\/\/revaprint.ee\/fi\/yritys\/\" \/>\n<meta property=\"og:locale\" content=\"fi_FI\" \/>\n<meta property=\"og:type\" content=\"article\" \/>\n<meta property=\"og:title\" content=\"Yritys - Reva Print O\u00dc\" \/>\n<meta property=\"og:description\" content=\"Reva Print aloitti toimintansa vuonna 1992. Palvelumme kattavat kaikenlaisen silkkipainon sek\u00e4 digitaalisen painamisen k\u00e4yntikorteista tarroihin saakka. Olemme my\u00f6s erikoistuneet erikoistehosteiden toteuttamiseen, jollaisia ovat esimerkiksi mattapinnat, kiilt\u00e4v\u00e4t pinnat sek\u00e4 koholakkaus joko sellaisenaan tai erilaisilla lis\u00e4tehosteilla kuten raaputettavalla v\u00e4rill\u00e4, glitterill\u00e4 ja helmi\u00e4ispigmentill\u00e4 varustettuna. Lis\u00e4ksi k\u00e4yt\u00e4mme tarvittaessa tuoksulakkausta ja lis\u00e4\u00e4mme pime\u00e4ss\u00e4 hohtavien sek\u00e4 &hellip;\" \/>\n<meta property=\"og:url\" content=\"https:\/\/revaprint.ee\/fi\/yritys\/\" \/>\n<meta property=\"og:site_name\" content=\"Reva Print O\u00dc\" \/>\n<meta name=\"twitter:card\" content=\"summary_large_image\" \/>\n<meta name=\"twitter:label1\" content=\"Arvioitu lukuaika\" \/>\n\t<meta name=\"twitter:data1\" content=\"1 minuutti\" \/>\n<script type=\"application\/ld+json\" class=\"yoast-schema-graph\">{\"@context\":\"https:\/\/schema.org\",\"@graph\":[{\"@type\":\"WebPage\",\"@id\":\"https:\/\/revaprint.ee\/fi\/yritys\/\",\"url\":\"https:\/\/revaprint.ee\/fi\/yritys\/\",\"name\":\"Yritys - Reva Print O\u00dc\",\"isPartOf\":{\"@id\":\"https:\/\/revaprint.ee\/#website\"},\"datePublished\":\"2017-02-26T13:16:14+00:00\",\"dateModified\":\"2017-02-26T13:16:14+00:00\",\"breadcrumb\":{\"@id\":\"https:\/\/revaprint.ee\/fi\/yritys\/#breadcrumb\"},\"inLanguage\":\"fi\",\"potentialAction\":[{\"@type\":\"ReadAction\",\"target\":[\"https:\/\/revaprint.ee\/fi\/yritys\/\"]}]},{\"@type\":\"BreadcrumbList\",\"@id\":\"https:\/\/revaprint.ee\/fi\/yritys\/#breadcrumb\",\"itemListElement\":[{\"@type\":\"ListItem\",\"position\":1,\"name\":\"Home\",\"item\":\"https:\/\/revaprint.ee\/fi\/\"},{\"@type\":\"ListItem\",\"position\":2,\"name\":\"Yritys\"}]},{\"@type\":\"WebSite\",\"@id\":\"https:\/\/revaprint.ee\/#website\",\"url\":\"https:\/\/revaprint.ee\/\",\"name\":\"Reva Print O\u00dc\",\"description\":\"Tr\u00fckikoda, tr\u00fckiteenused Tallinnas\",\"publisher\":{\"@id\":\"https:\/\/revaprint.ee\/#organization\"},\"potentialAction\":[{\"@type\":\"SearchAction\",\"target\":{\"@type\":\"EntryPoint\",\"urlTemplate\":\"https:\/\/revaprint.ee\/?s={search_term_string}\"},\"query-input\":\"required name=search_term_string\"}],\"inLanguage\":\"fi\"},{\"@type\":\"Organization\",\"@id\":\"https:\/\/revaprint.ee\/#organization\",\"name\":\"Reva Print O\u00dc\",\"url\":\"https:\/\/revaprint.ee\/\",\"logo\":{\"@type\":\"ImageObject\",\"inLanguage\":\"fi\",\"@id\":\"https:\/\/revaprint.ee\/#\/schema\/logo\/image\/\",\"url\":\"https:\/\/revaprint.ee\/wp-content\/uploads\/2016\/12\/revaprint-logo.png\",\"contentUrl\":\"https:\/\/revaprint.ee\/wp-content\/uploads\/2016\/12\/revaprint-logo.png\",\"width\":134,\"height\":119,\"caption\":\"Reva Print O\u00dc\"},\"image\":{\"@id\":\"https:\/\/revaprint.ee\/#\/schema\/logo\/image\/\"}}]}<\/script>\n<!-- \/ Yoast SEO plugin. -->","yoast_head_json":{"title":"Yritys - Reva Print O\u00dc","robots":{"index":"index","follow":"follow","max-snippet":"max-snippet:-1","max-image-preview":"max-image-preview:large","max-video-preview":"max-video-preview:-1"},"canonical":"https:\/\/revaprint.ee\/fi\/yritys\/","og_locale":"fi_FI","og_type":"article","og_title":"Yritys - Reva Print O\u00dc","og_description":"Reva Print aloitti toimintansa vuonna 1992. Palvelumme kattavat kaikenlaisen silkkipainon sek\u00e4 digitaalisen painamisen k\u00e4yntikorteista tarroihin saakka. Olemme my\u00f6s erikoistuneet erikoistehosteiden toteuttamiseen, jollaisia ovat esimerkiksi mattapinnat, kiilt\u00e4v\u00e4t pinnat sek\u00e4 koholakkaus joko sellaisenaan tai erilaisilla lis\u00e4tehosteilla kuten raaputettavalla v\u00e4rill\u00e4, glitterill\u00e4 ja helmi\u00e4ispigmentill\u00e4 varustettuna. Lis\u00e4ksi k\u00e4yt\u00e4mme tarvittaessa tuoksulakkausta ja lis\u00e4\u00e4mme pime\u00e4ss\u00e4 hohtavien sek\u00e4 &hellip;","og_url":"https:\/\/revaprint.ee\/fi\/yritys\/","og_site_name":"Reva Print O\u00dc","twitter_card":"summary_large_image","twitter_misc":{"Arvioitu lukuaika":"1 minuutti"},"schema":{"@context":"https:\/\/schema.org","@graph":[{"@type":"WebPage","@id":"https:\/\/revaprint.ee\/fi\/yritys\/","url":"https:\/\/revaprint.ee\/fi\/yritys\/","name":"Yritys - Reva Print O\u00dc","isPartOf":{"@id":"https:\/\/revaprint.ee\/#website"},"datePublished":"2017-02-26T13:16:14+00:00","dateModified":"2017-02-26T13:16:14+00:00","breadcrumb":{"@id":"https:\/\/revaprint.ee\/fi\/yritys\/#breadcrumb"},"inLanguage":"fi","potentialAction":[{"@type":"ReadAction","target":["https:\/\/revaprint.ee\/fi\/yritys\/"]}]},{"@type":"BreadcrumbList","@id":"https:\/\/revaprint.ee\/fi\/yritys\/#breadcrumb","itemListElement":[{"@type":"ListItem","position":1,"name":"Home","item":"https:\/\/revaprint.ee\/fi\/"},{"@type":"ListItem","position":2,"name":"Yritys"}]},{"@type":"WebSite","@id":"https:\/\/revaprint.ee\/#website","url":"https:\/\/revaprint.ee\/","name":"Reva Print O\u00dc","description":"Tr\u00fckikoda, tr\u00fckiteenused Tallinnas","publisher":{"@id":"https:\/\/revaprint.ee\/#organization"},"potentialAction":[{"@type":"SearchAction","target":{"@type":"EntryPoint","urlTemplate":"https:\/\/revaprint.ee\/?s={search_term_string}"},"query-input":"required name=search_term_string"}],"inLanguage":"fi"},{"@type":"Organization","@id":"https:\/\/revaprint.ee\/#organization","name":"Reva Print O\u00dc","url":"https:\/\/revaprint.ee\/","logo":{"@type":"ImageObject","inLanguage":"fi","@id":"https:\/\/revaprint.ee\/#\/schema\/logo\/image\/","url":"https:\/\/revaprint.ee\/wp-content\/uploads\/2016\/12\/revaprint-logo.png","contentUrl":"https:\/\/revaprint.ee\/wp-content\/uploads\/2016\/12\/revaprint-logo.png","width":134,"height":119,"caption":"Reva Print O\u00dc"},"image":{"@id":"https:\/\/revaprint.ee\/#\/schema\/logo\/image\/"}}]}},"_links":{"self":[{"href":"https:\/\/revaprint.ee\/fi\/wp-json\/wp\/v2\/pages\/131"}],"collection":[{"href":"https:\/\/revaprint.ee\/fi\/wp-json\/wp\/v2\/pages"}],"about":[{"href":"https:\/\/revaprint.ee\/fi\/wp-json\/wp\/v2\/types\/page"}],"author":[{"embeddable":true,"href":"https:\/\/revaprint.ee\/fi\/wp-json\/wp\/v2\/users\/1"}],"replies":[{"embeddable":true,"href":"https:\/\/revaprint.ee\/fi\/wp-json\/wp\/v2\/comments?post=131"}],"version-history":[{"count":1,"href":"https:\/\/revaprint.ee\/fi\/wp-json\/wp\/v2\/pages\/131\/revisions"}],"predecessor-version":[{"id":132,"href":"https:\/\/revaprint.ee\/fi\/wp-json\/wp\/v2\/pages\/131\/revisions\/132"}],"wp:attachment":[{"href":"https:\/\/revaprint.ee\/fi\/wp-json\/wp\/v2\/media?parent=131"}],"curies":[{"name":"wp","href":"https:\/\/api.w.org\/{rel}","templated":true}]}}