{"id":174,"date":"2017-02-26T15:57:30","date_gmt":"2017-02-26T13:57:30","guid":{"rendered":"http:\/\/veeb.revaprint.ee\/?page_id=174\/"},"modified":"2024-09-06T20:57:28","modified_gmt":"2024-09-06T17:57:28","slug":"reva-print-as","status":"publish","type":"page","link":"https:\/\/revaprint.ee\/en\/","title":{"rendered":"Reva Print O\u00dc"},"content":{"rendered":"<p>Reva Print was founded in 1992.<\/p>\n<p>We provide silk-screen as well as digital printing from business cards to various labels. We have also specialised on adding special effects such as matte, glossy, or relief varnish, as well as varnish with extras, such as various types of glitter, pearl nacreous powder, etc. We also offer scent effects, scratch-off ink (for lottery tickets), as well as adding of luminescent spot varnish and spot varnish that can be seen under a \u201cmoney lamp\u201d.<\/p>\n<p>We can print on design papers, cardboard, book cover materials, plastic, which is why a large share of book bindings, menus, business cards, and other printed materials get their unique appearance precisely at our printing house.<\/p>\n","protected":false},"excerpt":{"rendered":"<p>Reva Print was founded in 1992. We provide silk-screen as well as digital printing from business cards to various labels. We have also specialised on adding special effects such as matte, glossy, or relief varnish, as well as varnish with extras, such as various types of glitter, pearl nacreous powder, &hellip;<\/p>\n","protected":false},"author":1,"featured_media":0,"parent":0,"menu_order":0,"comment_status":"closed","ping_status":"closed","template":"","meta":[],"yoast_head":"<!-- This site is optimized with the Yoast SEO plugin v20.12 - https:\/\/yoast.com\/wordpress\/plugins\/seo\/ -->\n<title>Reva Print O\u00dc - Reva Print O\u00dc<\/title>\n<meta name=\"robots\" content=\"index, follow, max-snippet:-1, max-image-preview:large, max-video-preview:-1\" \/>\n<link rel=\"canonical\" href=\"https:\/\/revaprint.ee\/en\/\" \/>\n<meta property=\"og:locale\" content=\"en_US\" \/>\n<meta property=\"og:type\" content=\"article\" \/>\n<meta property=\"og:title\" content=\"Reva Print O\u00dc - Reva Print O\u00dc\" \/>\n<meta property=\"og:description\" content=\"Reva Print was founded in 1992. We provide silk-screen as well as digital printing from business cards to various labels. We have also specialised on adding special effects such as matte, glossy, or relief varnish, as well as varnish with extras, such as various types of glitter, pearl nacreous powder, &hellip;\" \/>\n<meta property=\"og:url\" content=\"https:\/\/revaprint.ee\/en\/\" \/>\n<meta property=\"og:site_name\" content=\"Reva Print O\u00dc\" \/>\n<meta property=\"article:modified_time\" content=\"2024-09-06T17:57:28+00:00\" \/>\n<meta name=\"twitter:card\" content=\"summary_large_image\" \/>\n<script type=\"application\/ld+json\" class=\"yoast-schema-graph\">{\"@context\":\"https:\/\/schema.org\",\"@graph\":[{\"@type\":\"WebPage\",\"@id\":\"https:\/\/revaprint.ee\/en\/\",\"url\":\"https:\/\/revaprint.ee\/en\/\",\"name\":\"Reva Print O\u00dc - Reva Print O\u00dc\",\"isPartOf\":{\"@id\":\"https:\/\/revaprint.ee\/#website\"},\"datePublished\":\"2017-02-26T13:57:30+00:00\",\"dateModified\":\"2024-09-06T17:57:28+00:00\",\"breadcrumb\":{\"@id\":\"https:\/\/revaprint.ee\/en\/#breadcrumb\"},\"inLanguage\":\"en-US\",\"potentialAction\":[{\"@type\":\"ReadAction\",\"target\":[\"https:\/\/revaprint.ee\/en\/\"]}]},{\"@type\":\"BreadcrumbList\",\"@id\":\"https:\/\/revaprint.ee\/en\/#breadcrumb\",\"itemListElement\":[{\"@type\":\"ListItem\",\"position\":1,\"name\":\"Home\",\"item\":\"https:\/\/revaprint.ee\/en\/\"},{\"@type\":\"ListItem\",\"position\":2,\"name\":\"Reva Print O\u00dc\"}]},{\"@type\":\"WebSite\",\"@id\":\"https:\/\/revaprint.ee\/#website\",\"url\":\"https:\/\/revaprint.ee\/\",\"name\":\"Reva Print O\u00dc\",\"description\":\"Tr\u00fckikoda, tr\u00fckiteenused Tallinnas\",\"publisher\":{\"@id\":\"https:\/\/revaprint.ee\/#organization\"},\"potentialAction\":[{\"@type\":\"SearchAction\",\"target\":{\"@type\":\"EntryPoint\",\"urlTemplate\":\"https:\/\/revaprint.ee\/?s={search_term_string}\"},\"query-input\":\"required name=search_term_string\"}],\"inLanguage\":\"en-US\"},{\"@type\":\"Organization\",\"@id\":\"https:\/\/revaprint.ee\/#organization\",\"name\":\"Reva Print O\u00dc\",\"url\":\"https:\/\/revaprint.ee\/\",\"logo\":{\"@type\":\"ImageObject\",\"inLanguage\":\"en-US\",\"@id\":\"https:\/\/revaprint.ee\/#\/schema\/logo\/image\/\",\"url\":\"https:\/\/revaprint.ee\/wp-content\/uploads\/2016\/12\/revaprint-logo.png\",\"contentUrl\":\"https:\/\/revaprint.ee\/wp-content\/uploads\/2016\/12\/revaprint-logo.png\",\"width\":134,\"height\":119,\"caption\":\"Reva Print O\u00dc\"},\"image\":{\"@id\":\"https:\/\/revaprint.ee\/#\/schema\/logo\/image\/\"}}]}<\/script>\n<!-- \/ Yoast SEO plugin. -->","yoast_head_json":{"title":"Reva Print O\u00dc - Reva Print O\u00dc","robots":{"index":"index","follow":"follow","max-snippet":"max-snippet:-1","max-image-preview":"max-image-preview:large","max-video-preview":"max-video-preview:-1"},"canonical":"https:\/\/revaprint.ee\/en\/","og_locale":"en_US","og_type":"article","og_title":"Reva Print O\u00dc - Reva Print O\u00dc","og_description":"Reva Print was founded in 1992. We provide silk-screen as well as digital printing from business cards to various labels. We have also specialised on adding special effects such as matte, glossy, or relief varnish, as well as varnish with extras, such as various types of glitter, pearl nacreous powder, &hellip;","og_url":"https:\/\/revaprint.ee\/en\/","og_site_name":"Reva Print O\u00dc","article_modified_time":"2024-09-06T17:57:28+00:00","twitter_card":"summary_large_image","schema":{"@context":"https:\/\/schema.org","@graph":[{"@type":"WebPage","@id":"https:\/\/revaprint.ee\/en\/","url":"https:\/\/revaprint.ee\/en\/","name":"Reva Print O\u00dc - Reva Print O\u00dc","isPartOf":{"@id":"https:\/\/revaprint.ee\/#website"},"datePublished":"2017-02-26T13:57:30+00:00","dateModified":"2024-09-06T17:57:28+00:00","breadcrumb":{"@id":"https:\/\/revaprint.ee\/en\/#breadcrumb"},"inLanguage":"en-US","potentialAction":[{"@type":"ReadAction","target":["https:\/\/revaprint.ee\/en\/"]}]},{"@type":"BreadcrumbList","@id":"https:\/\/revaprint.ee\/en\/#breadcrumb","itemListElement":[{"@type":"ListItem","position":1,"name":"Home","item":"https:\/\/revaprint.ee\/en\/"},{"@type":"ListItem","position":2,"name":"Reva Print O\u00dc"}]},{"@type":"WebSite","@id":"https:\/\/revaprint.ee\/#website","url":"https:\/\/revaprint.ee\/","name":"Reva Print O\u00dc","description":"Tr\u00fckikoda, tr\u00fckiteenused Tallinnas","publisher":{"@id":"https:\/\/revaprint.ee\/#organization"},"potentialAction":[{"@type":"SearchAction","target":{"@type":"EntryPoint","urlTemplate":"https:\/\/revaprint.ee\/?s={search_term_string}"},"query-input":"required name=search_term_string"}],"inLanguage":"en-US"},{"@type":"Organization","@id":"https:\/\/revaprint.ee\/#organization","name":"Reva Print O\u00dc","url":"https:\/\/revaprint.ee\/","logo":{"@type":"ImageObject","inLanguage":"en-US","@id":"https:\/\/revaprint.ee\/#\/schema\/logo\/image\/","url":"https:\/\/revaprint.ee\/wp-content\/uploads\/2016\/12\/revaprint-logo.png","contentUrl":"https:\/\/revaprint.ee\/wp-content\/uploads\/2016\/12\/revaprint-logo.png","width":134,"height":119,"caption":"Reva Print O\u00dc"},"image":{"@id":"https:\/\/revaprint.ee\/#\/schema\/logo\/image\/"}}]}},"_links":{"self":[{"href":"https:\/\/revaprint.ee\/en\/wp-json\/wp\/v2\/pages\/174"}],"collection":[{"href":"https:\/\/revaprint.ee\/en\/wp-json\/wp\/v2\/pages"}],"about":[{"href":"https:\/\/revaprint.ee\/en\/wp-json\/wp\/v2\/types\/page"}],"author":[{"embeddable":true,"href":"https:\/\/revaprint.ee\/en\/wp-json\/wp\/v2\/users\/1"}],"replies":[{"embeddable":true,"href":"https:\/\/revaprint.ee\/en\/wp-json\/wp\/v2\/comments?post=174"}],"version-history":[{"count":2,"href":"https:\/\/revaprint.ee\/en\/wp-json\/wp\/v2\/pages\/174\/revisions"}],"predecessor-version":[{"id":1647,"href":"https:\/\/revaprint.ee\/en\/wp-json\/wp\/v2\/pages\/174\/revisions\/1647"}],"wp:attachment":[{"href":"https:\/\/revaprint.ee\/en\/wp-json\/wp\/v2\/media?parent=174"}],"curies":[{"name":"wp","href":"https:\/\/api.w.org\/{rel}","templated":true}]}}