{"id":156,"date":"2016-12-08T20:35:31","date_gmt":"2016-12-08T18:35:31","guid":{"rendered":"http:\/\/veeb.revaprint.ee\/ettevalmistus-ja-edastus\/"},"modified":"2017-02-26T15:50:00","modified_gmt":"2017-02-26T13:50:00","slug":"preparation-and-delivery","status":"publish","type":"page","link":"https:\/\/revaprint.ee\/en\/preparation-and-delivery\/","title":{"rendered":"Preparation and delivery"},"content":{"rendered":"<p>We admit sheets for laminating and applying UV varnish.<\/p>\n<p>We ask the printed matters to be sent for silk-screen printing to be coordinated with us in advance.<\/p>\n<p>Please supply a written order with the material which specifies:<\/p>\n<p>1. the name of the task<br \/>\n2. format<br \/>\n3. necessary amount of sheets<br \/>\n4. what needs to be done<br \/>\n5. the arrival time and desired completion time<\/p>\n<p>When printing from file, high-quality work is naturally based on a high-quality file in a PDF format, in which sections of text are also converted to a picture.<\/p>\n","protected":false},"excerpt":{"rendered":"<p>We admit sheets for laminating and applying UV varnish. We ask the printed matters to be sent for silk-screen printing to be coordinated with us in advance. Please supply a written order with the material which specifies: 1. the name of the task 2. format 3. necessary amount of sheets &hellip;<\/p>\n","protected":false},"author":1,"featured_media":0,"parent":0,"menu_order":0,"comment_status":"closed","ping_status":"closed","template":"","meta":[],"yoast_head":"<!-- This site is optimized with the Yoast SEO plugin v20.12 - https:\/\/yoast.com\/wordpress\/plugins\/seo\/ -->\n<title>Preparation and delivery - Reva Print O\u00dc<\/title>\n<meta name=\"robots\" content=\"index, follow, max-snippet:-1, max-image-preview:large, max-video-preview:-1\" \/>\n<link rel=\"canonical\" href=\"https:\/\/revaprint.ee\/en\/preparation-and-delivery\/\" \/>\n<meta property=\"og:locale\" content=\"en_US\" \/>\n<meta property=\"og:type\" content=\"article\" \/>\n<meta property=\"og:title\" content=\"Preparation and delivery - Reva Print O\u00dc\" \/>\n<meta property=\"og:description\" content=\"We admit sheets for laminating and applying UV varnish. We ask the printed matters to be sent for silk-screen printing to be coordinated with us in advance. Please supply a written order with the material which specifies: 1. the name of the task 2. format 3. necessary amount of sheets &hellip;\" \/>\n<meta property=\"og:url\" content=\"https:\/\/revaprint.ee\/en\/preparation-and-delivery\/\" \/>\n<meta property=\"og:site_name\" content=\"Reva Print O\u00dc\" \/>\n<meta property=\"article:modified_time\" content=\"2017-02-26T13:50:00+00:00\" \/>\n<meta name=\"twitter:card\" content=\"summary_large_image\" \/>\n<script type=\"application\/ld+json\" class=\"yoast-schema-graph\">{\"@context\":\"https:\/\/schema.org\",\"@graph\":[{\"@type\":\"WebPage\",\"@id\":\"https:\/\/revaprint.ee\/en\/preparation-and-delivery\/\",\"url\":\"https:\/\/revaprint.ee\/en\/preparation-and-delivery\/\",\"name\":\"Preparation and delivery - Reva Print O\u00dc\",\"isPartOf\":{\"@id\":\"https:\/\/revaprint.ee\/#website\"},\"datePublished\":\"2016-12-08T18:35:31+00:00\",\"dateModified\":\"2017-02-26T13:50:00+00:00\",\"breadcrumb\":{\"@id\":\"https:\/\/revaprint.ee\/en\/preparation-and-delivery\/#breadcrumb\"},\"inLanguage\":\"en-US\",\"potentialAction\":[{\"@type\":\"ReadAction\",\"target\":[\"https:\/\/revaprint.ee\/en\/preparation-and-delivery\/\"]}]},{\"@type\":\"BreadcrumbList\",\"@id\":\"https:\/\/revaprint.ee\/en\/preparation-and-delivery\/#breadcrumb\",\"itemListElement\":[{\"@type\":\"ListItem\",\"position\":1,\"name\":\"Home\",\"item\":\"https:\/\/revaprint.ee\/en\/\"},{\"@type\":\"ListItem\",\"position\":2,\"name\":\"Preparation and delivery\"}]},{\"@type\":\"WebSite\",\"@id\":\"https:\/\/revaprint.ee\/#website\",\"url\":\"https:\/\/revaprint.ee\/\",\"name\":\"Reva Print O\u00dc\",\"description\":\"Tr\u00fckikoda, tr\u00fckiteenused Tallinnas\",\"publisher\":{\"@id\":\"https:\/\/revaprint.ee\/#organization\"},\"potentialAction\":[{\"@type\":\"SearchAction\",\"target\":{\"@type\":\"EntryPoint\",\"urlTemplate\":\"https:\/\/revaprint.ee\/?s={search_term_string}\"},\"query-input\":\"required name=search_term_string\"}],\"inLanguage\":\"en-US\"},{\"@type\":\"Organization\",\"@id\":\"https:\/\/revaprint.ee\/#organization\",\"name\":\"Reva Print O\u00dc\",\"url\":\"https:\/\/revaprint.ee\/\",\"logo\":{\"@type\":\"ImageObject\",\"inLanguage\":\"en-US\",\"@id\":\"https:\/\/revaprint.ee\/#\/schema\/logo\/image\/\",\"url\":\"https:\/\/revaprint.ee\/wp-content\/uploads\/2016\/12\/revaprint-logo.png\",\"contentUrl\":\"https:\/\/revaprint.ee\/wp-content\/uploads\/2016\/12\/revaprint-logo.png\",\"width\":134,\"height\":119,\"caption\":\"Reva Print O\u00dc\"},\"image\":{\"@id\":\"https:\/\/revaprint.ee\/#\/schema\/logo\/image\/\"}}]}<\/script>\n<!-- \/ Yoast SEO plugin. -->","yoast_head_json":{"title":"Preparation and delivery - Reva Print O\u00dc","robots":{"index":"index","follow":"follow","max-snippet":"max-snippet:-1","max-image-preview":"max-image-preview:large","max-video-preview":"max-video-preview:-1"},"canonical":"https:\/\/revaprint.ee\/en\/preparation-and-delivery\/","og_locale":"en_US","og_type":"article","og_title":"Preparation and delivery - Reva Print O\u00dc","og_description":"We admit sheets for laminating and applying UV varnish. We ask the printed matters to be sent for silk-screen printing to be coordinated with us in advance. Please supply a written order with the material which specifies: 1. the name of the task 2. format 3. necessary amount of sheets &hellip;","og_url":"https:\/\/revaprint.ee\/en\/preparation-and-delivery\/","og_site_name":"Reva Print O\u00dc","article_modified_time":"2017-02-26T13:50:00+00:00","twitter_card":"summary_large_image","schema":{"@context":"https:\/\/schema.org","@graph":[{"@type":"WebPage","@id":"https:\/\/revaprint.ee\/en\/preparation-and-delivery\/","url":"https:\/\/revaprint.ee\/en\/preparation-and-delivery\/","name":"Preparation and delivery - Reva Print O\u00dc","isPartOf":{"@id":"https:\/\/revaprint.ee\/#website"},"datePublished":"2016-12-08T18:35:31+00:00","dateModified":"2017-02-26T13:50:00+00:00","breadcrumb":{"@id":"https:\/\/revaprint.ee\/en\/preparation-and-delivery\/#breadcrumb"},"inLanguage":"en-US","potentialAction":[{"@type":"ReadAction","target":["https:\/\/revaprint.ee\/en\/preparation-and-delivery\/"]}]},{"@type":"BreadcrumbList","@id":"https:\/\/revaprint.ee\/en\/preparation-and-delivery\/#breadcrumb","itemListElement":[{"@type":"ListItem","position":1,"name":"Home","item":"https:\/\/revaprint.ee\/en\/"},{"@type":"ListItem","position":2,"name":"Preparation and delivery"}]},{"@type":"WebSite","@id":"https:\/\/revaprint.ee\/#website","url":"https:\/\/revaprint.ee\/","name":"Reva Print O\u00dc","description":"Tr\u00fckikoda, tr\u00fckiteenused Tallinnas","publisher":{"@id":"https:\/\/revaprint.ee\/#organization"},"potentialAction":[{"@type":"SearchAction","target":{"@type":"EntryPoint","urlTemplate":"https:\/\/revaprint.ee\/?s={search_term_string}"},"query-input":"required name=search_term_string"}],"inLanguage":"en-US"},{"@type":"Organization","@id":"https:\/\/revaprint.ee\/#organization","name":"Reva Print O\u00dc","url":"https:\/\/revaprint.ee\/","logo":{"@type":"ImageObject","inLanguage":"en-US","@id":"https:\/\/revaprint.ee\/#\/schema\/logo\/image\/","url":"https:\/\/revaprint.ee\/wp-content\/uploads\/2016\/12\/revaprint-logo.png","contentUrl":"https:\/\/revaprint.ee\/wp-content\/uploads\/2016\/12\/revaprint-logo.png","width":134,"height":119,"caption":"Reva Print O\u00dc"},"image":{"@id":"https:\/\/revaprint.ee\/#\/schema\/logo\/image\/"}}]}},"_links":{"self":[{"href":"https:\/\/revaprint.ee\/en\/wp-json\/wp\/v2\/pages\/156"}],"collection":[{"href":"https:\/\/revaprint.ee\/en\/wp-json\/wp\/v2\/pages"}],"about":[{"href":"https:\/\/revaprint.ee\/en\/wp-json\/wp\/v2\/types\/page"}],"author":[{"embeddable":true,"href":"https:\/\/revaprint.ee\/en\/wp-json\/wp\/v2\/users\/1"}],"replies":[{"embeddable":true,"href":"https:\/\/revaprint.ee\/en\/wp-json\/wp\/v2\/comments?post=156"}],"version-history":[{"count":1,"href":"https:\/\/revaprint.ee\/en\/wp-json\/wp\/v2\/pages\/156\/revisions"}],"predecessor-version":[{"id":160,"href":"https:\/\/revaprint.ee\/en\/wp-json\/wp\/v2\/pages\/156\/revisions\/160"}],"wp:attachment":[{"href":"https:\/\/revaprint.ee\/en\/wp-json\/wp\/v2\/media?parent=156"}],"curies":[{"name":"wp","href":"https:\/\/api.w.org\/{rel}","templated":true}]}}