{"id":148,"date":"2016-12-08T20:35:49","date_gmt":"2016-12-08T18:35:49","guid":{"rendered":"http:\/\/veeb.revaprint.ee\/kusi-hinda\/"},"modified":"2017-02-26T22:13:02","modified_gmt":"2017-02-26T20:13:02","slug":"ask-offer","status":"publish","type":"page","link":"https:\/\/revaprint.ee\/en\/ask-offer\/","title":{"rendered":"Ask offer"},"content":{"rendered":"\n<div class=\"wpcf7 no-js\" id=\"wpcf7-f187-o1\" lang=\"et\" dir=\"ltr\">\n<div class=\"screen-reader-response\"><p role=\"status\" aria-live=\"polite\" aria-atomic=\"true\"><\/p> <ul><\/ul><\/div>\n<form action=\"\/en\/wp-json\/wp\/v2\/pages\/148#wpcf7-f187-o1\" method=\"post\" class=\"wpcf7-form init\" aria-label=\"Contact form\" novalidate=\"novalidate\" data-status=\"init\">\n<div style=\"display: none;\">\n<input type=\"hidden\" name=\"_wpcf7\" value=\"187\" \/>\n<input type=\"hidden\" name=\"_wpcf7_version\" value=\"5.7.5.1\" \/>\n<input type=\"hidden\" name=\"_wpcf7_locale\" value=\"et\" \/>\n<input type=\"hidden\" name=\"_wpcf7_unit_tag\" value=\"wpcf7-f187-o1\" \/>\n<input type=\"hidden\" name=\"_wpcf7_container_post\" value=\"0\" \/>\n<input type=\"hidden\" name=\"_wpcf7_posted_data_hash\" value=\"\" \/>\n<input type=\"hidden\" name=\"_wpcf7_recaptcha_response\" value=\"\" \/>\n<\/div>\n<p><label> Name<br \/>\n<span class=\"wpcf7-form-control-wrap\" data-name=\"your-name\"><input size=\"40\" class=\"wpcf7-form-control wpcf7-text wpcf7-validates-as-required\" aria-required=\"true\" aria-invalid=\"false\" value=\"\" type=\"text\" name=\"your-name\" \/><\/span> <\/label>\n<\/p>\n<p><label> Telephone<br \/>\n<span class=\"wpcf7-form-control-wrap\" data-name=\"your-phone\"><input size=\"40\" class=\"wpcf7-form-control wpcf7-text\" aria-invalid=\"false\" value=\"\" type=\"text\" name=\"your-phone\" \/><\/span> <\/label>\n<\/p>\n<p><label> E-mail<br \/>\n<span class=\"wpcf7-form-control-wrap\" data-name=\"your-email\"><input size=\"40\" class=\"wpcf7-form-control wpcf7-text wpcf7-email wpcf7-validates-as-required wpcf7-validates-as-email\" aria-required=\"true\" aria-invalid=\"false\" value=\"\" type=\"email\" name=\"your-email\" \/><\/span> <\/label>\n<\/p>\n<p><label> Message<br \/>\n<span class=\"wpcf7-form-control-wrap\" data-name=\"your-message\"><textarea cols=\"40\" rows=\"10\" class=\"wpcf7-form-control wpcf7-textarea\" aria-invalid=\"false\" name=\"your-message\"><\/textarea><\/span> <\/label><br \/>\n\n<\/p>\n<p><input class=\"wpcf7-form-control has-spinner wpcf7-submit\" type=\"submit\" value=\"Send\" \/>\n<\/p><div class=\"wpcf7-response-output\" aria-hidden=\"true\"><\/div>\n<\/form>\n<\/div>\n\n","protected":false},"excerpt":{"rendered":"","protected":false},"author":1,"featured_media":0,"parent":0,"menu_order":0,"comment_status":"closed","ping_status":"closed","template":"","meta":[],"yoast_head":"<!-- This site is optimized with the Yoast SEO plugin v20.12 - https:\/\/yoast.com\/wordpress\/plugins\/seo\/ -->\n<title>Ask offer - Reva Print O\u00dc<\/title>\n<meta name=\"robots\" content=\"index, follow, max-snippet:-1, max-image-preview:large, max-video-preview:-1\" \/>\n<link rel=\"canonical\" href=\"https:\/\/revaprint.ee\/en\/ask-offer\/\" \/>\n<meta property=\"og:locale\" content=\"en_US\" \/>\n<meta property=\"og:type\" content=\"article\" \/>\n<meta property=\"og:title\" content=\"Ask offer - Reva Print O\u00dc\" \/>\n<meta property=\"og:url\" content=\"https:\/\/revaprint.ee\/en\/ask-offer\/\" \/>\n<meta property=\"og:site_name\" content=\"Reva Print O\u00dc\" \/>\n<meta property=\"article:modified_time\" content=\"2017-02-26T20:13:02+00:00\" \/>\n<meta name=\"twitter:card\" content=\"summary_large_image\" \/>\n<script type=\"application\/ld+json\" class=\"yoast-schema-graph\">{\"@context\":\"https:\/\/schema.org\",\"@graph\":[{\"@type\":\"WebPage\",\"@id\":\"https:\/\/revaprint.ee\/en\/ask-offer\/\",\"url\":\"https:\/\/revaprint.ee\/en\/ask-offer\/\",\"name\":\"Ask offer - Reva Print O\u00dc\",\"isPartOf\":{\"@id\":\"https:\/\/revaprint.ee\/#website\"},\"datePublished\":\"2016-12-08T18:35:49+00:00\",\"dateModified\":\"2017-02-26T20:13:02+00:00\",\"breadcrumb\":{\"@id\":\"https:\/\/revaprint.ee\/en\/ask-offer\/#breadcrumb\"},\"inLanguage\":\"en-US\",\"potentialAction\":[{\"@type\":\"ReadAction\",\"target\":[\"https:\/\/revaprint.ee\/en\/ask-offer\/\"]}]},{\"@type\":\"BreadcrumbList\",\"@id\":\"https:\/\/revaprint.ee\/en\/ask-offer\/#breadcrumb\",\"itemListElement\":[{\"@type\":\"ListItem\",\"position\":1,\"name\":\"Home\",\"item\":\"https:\/\/revaprint.ee\/en\/\"},{\"@type\":\"ListItem\",\"position\":2,\"name\":\"Ask offer\"}]},{\"@type\":\"WebSite\",\"@id\":\"https:\/\/revaprint.ee\/#website\",\"url\":\"https:\/\/revaprint.ee\/\",\"name\":\"Reva Print O\u00dc\",\"description\":\"Tr\u00fckikoda, tr\u00fckiteenused Tallinnas\",\"publisher\":{\"@id\":\"https:\/\/revaprint.ee\/#organization\"},\"potentialAction\":[{\"@type\":\"SearchAction\",\"target\":{\"@type\":\"EntryPoint\",\"urlTemplate\":\"https:\/\/revaprint.ee\/?s={search_term_string}\"},\"query-input\":\"required name=search_term_string\"}],\"inLanguage\":\"en-US\"},{\"@type\":\"Organization\",\"@id\":\"https:\/\/revaprint.ee\/#organization\",\"name\":\"Reva Print O\u00dc\",\"url\":\"https:\/\/revaprint.ee\/\",\"logo\":{\"@type\":\"ImageObject\",\"inLanguage\":\"en-US\",\"@id\":\"https:\/\/revaprint.ee\/#\/schema\/logo\/image\/\",\"url\":\"https:\/\/revaprint.ee\/wp-content\/uploads\/2016\/12\/revaprint-logo.png\",\"contentUrl\":\"https:\/\/revaprint.ee\/wp-content\/uploads\/2016\/12\/revaprint-logo.png\",\"width\":134,\"height\":119,\"caption\":\"Reva Print O\u00dc\"},\"image\":{\"@id\":\"https:\/\/revaprint.ee\/#\/schema\/logo\/image\/\"}}]}<\/script>\n<!-- \/ Yoast SEO plugin. -->","yoast_head_json":{"title":"Ask offer - Reva Print O\u00dc","robots":{"index":"index","follow":"follow","max-snippet":"max-snippet:-1","max-image-preview":"max-image-preview:large","max-video-preview":"max-video-preview:-1"},"canonical":"https:\/\/revaprint.ee\/en\/ask-offer\/","og_locale":"en_US","og_type":"article","og_title":"Ask offer - Reva Print O\u00dc","og_url":"https:\/\/revaprint.ee\/en\/ask-offer\/","og_site_name":"Reva Print O\u00dc","article_modified_time":"2017-02-26T20:13:02+00:00","twitter_card":"summary_large_image","schema":{"@context":"https:\/\/schema.org","@graph":[{"@type":"WebPage","@id":"https:\/\/revaprint.ee\/en\/ask-offer\/","url":"https:\/\/revaprint.ee\/en\/ask-offer\/","name":"Ask offer - Reva Print O\u00dc","isPartOf":{"@id":"https:\/\/revaprint.ee\/#website"},"datePublished":"2016-12-08T18:35:49+00:00","dateModified":"2017-02-26T20:13:02+00:00","breadcrumb":{"@id":"https:\/\/revaprint.ee\/en\/ask-offer\/#breadcrumb"},"inLanguage":"en-US","potentialAction":[{"@type":"ReadAction","target":["https:\/\/revaprint.ee\/en\/ask-offer\/"]}]},{"@type":"BreadcrumbList","@id":"https:\/\/revaprint.ee\/en\/ask-offer\/#breadcrumb","itemListElement":[{"@type":"ListItem","position":1,"name":"Home","item":"https:\/\/revaprint.ee\/en\/"},{"@type":"ListItem","position":2,"name":"Ask offer"}]},{"@type":"WebSite","@id":"https:\/\/revaprint.ee\/#website","url":"https:\/\/revaprint.ee\/","name":"Reva Print O\u00dc","description":"Tr\u00fckikoda, tr\u00fckiteenused Tallinnas","publisher":{"@id":"https:\/\/revaprint.ee\/#organization"},"potentialAction":[{"@type":"SearchAction","target":{"@type":"EntryPoint","urlTemplate":"https:\/\/revaprint.ee\/?s={search_term_string}"},"query-input":"required name=search_term_string"}],"inLanguage":"en-US"},{"@type":"Organization","@id":"https:\/\/revaprint.ee\/#organization","name":"Reva Print O\u00dc","url":"https:\/\/revaprint.ee\/","logo":{"@type":"ImageObject","inLanguage":"en-US","@id":"https:\/\/revaprint.ee\/#\/schema\/logo\/image\/","url":"https:\/\/revaprint.ee\/wp-content\/uploads\/2016\/12\/revaprint-logo.png","contentUrl":"https:\/\/revaprint.ee\/wp-content\/uploads\/2016\/12\/revaprint-logo.png","width":134,"height":119,"caption":"Reva Print O\u00dc"},"image":{"@id":"https:\/\/revaprint.ee\/#\/schema\/logo\/image\/"}}]}},"_links":{"self":[{"href":"https:\/\/revaprint.ee\/en\/wp-json\/wp\/v2\/pages\/148"}],"collection":[{"href":"https:\/\/revaprint.ee\/en\/wp-json\/wp\/v2\/pages"}],"about":[{"href":"https:\/\/revaprint.ee\/en\/wp-json\/wp\/v2\/types\/page"}],"author":[{"embeddable":true,"href":"https:\/\/revaprint.ee\/en\/wp-json\/wp\/v2\/users\/1"}],"replies":[{"embeddable":true,"href":"https:\/\/revaprint.ee\/en\/wp-json\/wp\/v2\/comments?post=148"}],"version-history":[{"count":3,"href":"https:\/\/revaprint.ee\/en\/wp-json\/wp\/v2\/pages\/148\/revisions"}],"predecessor-version":[{"id":188,"href":"https:\/\/revaprint.ee\/en\/wp-json\/wp\/v2\/pages\/148\/revisions\/188"}],"wp:attachment":[{"href":"https:\/\/revaprint.ee\/en\/wp-json\/wp\/v2\/media?parent=148"}],"curies":[{"name":"wp","href":"https:\/\/api.w.org\/{rel}","templated":true}]}}